{"id":12026,"date":"2023-03-22T15:10:27","date_gmt":"2023-03-22T14:10:27","guid":{"rendered":"http:\/\/www.shinemusicrental.com\/product\/yamaha-dxs15-mkii-subwoofer\/"},"modified":"2024-04-26T11:27:53","modified_gmt":"2024-04-26T09:27:53","slug":"yamaha-dxs15-mkii-subwoofer","status":"publish","type":"product","link":"https:\/\/shinemusicrental.com\/ca\/product\/yamaha-dxs15-mkii-subwoofer\/","title":{"rendered":"Yamaha DXS15 MKII Subwoofer"},"content":{"rendered":"<p>El subwoofer Yamaha DXS15 MKII \u00e9s un subwoofer formidable i fiable que produeix un sorprenent so de baixa freq\u00fc\u00e8ncia. Est\u00e0 equipat amb un altaveu de 15 polzades i disposa de 1020W d&#8217;impressionant pot\u00e8ncia, la qual cosa el converteix en l&#8217;opci\u00f3 perfecta per a elevar qualsevol sistema de so. La construcci\u00f3 del subwoofer inclou una resistent caixa de fusta que garanteix una excel\u00b7lent qualitat de so, mentre que el seu avan\u00e7at processament DSP garanteix una resposta suau i precisa en tot el rang de freq\u00fc\u00e8ncies.<\/p>\n<p>Per a m\u00fasics professionals, DJs i enginyers de so que requereixen un so de greus de primera classe, el DXS15 MKII \u00e9s una excel\u00b7lent opci\u00f3. El seu disseny lleuger i port\u00e0til el converteix en l&#8217;elecci\u00f3 perfecta per a negocis de lloguer d&#8217;instruments o qualsevol persona que busqui llogar un subwoofer.<\/p>\n<p>Gr\u00e0cies a la seva excepcional qualitat de so i disseny superior, el subwoofer DXS15 MKII es semblar a un atleta h\u00e0bil que pot transicionar sense esfor\u00e7 i amb poder d&#8217;una posici\u00f3 a una altra, entregant un rendiment suau i prec\u00eds amb cada moviment. Per tant, si busques un subwoofer que pugui afegir aquesta profunditat addicional al teu sistema de so, el subwoofer Yamaha DXS15 MKII \u00e9s la elecci\u00f3 perfecta.<\/p>\n","protected":false},"excerpt":{"rendered":"<p>El subwoofer Yamaha DXS15 MKII \u00e9s un subwoofer formidable i fiable que produeix un sorprenent so de baixa freq\u00fc\u00e8ncia. Est\u00e0 [&hellip;]<\/p>\n","protected":false},"featured_media":12024,"comment_status":"open","ping_status":"closed","template":"","meta":{"_acf_changed":false,"content-type":""},"product_brand":[],"product_cat":[330,350],"product_tag":[930,797,506,508,512,510,514,504,562,462,590,561,464,490,592,558,967],"class_list":{"0":"post-12026","1":"product","2":"type-product","3":"status-publish","4":"has-post-thumbnail","6":"product_cat-estudi","7":"product_cat-subwoofers-ca","8":"product_tag-altaveus","9":"product_tag-altaveus-de-lloguer","10":"product_tag-equip-destudi","11":"product_tag-equip-destudi-barcelona","12":"product_tag-equip-destudi-de-lloguer","13":"product_tag-equip-destudi-es","14":"product_tag-equip-destudi-espanya","15":"product_tag-estudi","16":"product_tag-instruments-de-contractacio","17":"product_tag-lloguer-dinstruments","18":"product_tag-lloguer-dinstruments-ca-2","19":"product_tag-lloguer-dinstruments-ca","20":"product_tag-lloguer-dinstruments-barcelona","21":"product_tag-lloguer-dinstruments-barcelona-ca","22":"product_tag-lloguer-dinstruments-espanya-ca","23":"product_tag-lloguer-dinstruments-espanya","24":"product_tag-subwoofer-ca","26":"first","27":"instock","28":"sold-individually","29":"shipping-taxable","30":"purchasable","31":"product-type-booking"},"booking_location":"","booking_location_type":"","booking_duration":1,"booking_duration_unit":"day","booking_buffer":0,"booking_cost":0,"booking_resources":[],"exclude_global_add_ons":false,"addons":[{"name":"ALTAVEUS PA","type":"checkbox","position":0,"required":false,"title_format":"label","default":"","description_enable":false,"description":"","placeholder_enable":false,"placeholder":"","display":"select","restrictions_type":"any_text","adjust_price":false,"price":"","price_type":"flat_fee","restrictions":false,"min":"0","max":"0","options":[{"label":"Cable d'Instrument Jack 1\/4","price":"5.00","price_type":"quantity_based","image":0,"visibility":true},{"label":"Cable XLR","price":"5.00","price_type":"quantity_based","image":0,"visibility":true},{"label":"Taula de Mescles (est\u00e0ndard)","price":"55.00","price_type":"quantity_based","image":0,"visibility":true},{"label":"Suport","price":"19.00","price_type":"quantity_based","image":0,"visibility":true},{"label":"DI Box","price":"5","price_type":"quantity_based","image":0,"visibility":true}]}],"acf":{"set_to_be_sold":false,"sale_description":"","sale_price":""},"_links":{"self":[{"href":"https:\/\/shinemusicrental.com\/ca\/wp-json\/wp\/v2\/product\/12026","targetHints":{"allow":["GET"]}}],"collection":[{"href":"https:\/\/shinemusicrental.com\/ca\/wp-json\/wp\/v2\/product"}],"about":[{"href":"https:\/\/shinemusicrental.com\/ca\/wp-json\/wp\/v2\/types\/product"}],"replies":[{"embeddable":true,"href":"https:\/\/shinemusicrental.com\/ca\/wp-json\/wp\/v2\/comments?post=12026"}],"wp:featuredmedia":[{"embeddable":true,"href":"https:\/\/shinemusicrental.com\/ca\/wp-json\/wp\/v2\/media\/12024"}],"wp:attachment":[{"href":"https:\/\/shinemusicrental.com\/ca\/wp-json\/wp\/v2\/media?parent=12026"}],"wp:term":[{"taxonomy":"product_brand","embeddable":true,"href":"https:\/\/shinemusicrental.com\/ca\/wp-json\/wp\/v2\/product_brand?post=12026"},{"taxonomy":"product_cat","embeddable":true,"href":"https:\/\/shinemusicrental.com\/ca\/wp-json\/wp\/v2\/product_cat?post=12026"},{"taxonomy":"product_tag","embeddable":true,"href":"https:\/\/shinemusicrental.com\/ca\/wp-json\/wp\/v2\/product_tag?post=12026"}],"curies":[{"name":"wp","href":"https:\/\/api.w.org\/{rel}","templated":true}]}}