{"id":12019,"date":"2023-03-22T12:36:41","date_gmt":"2023-03-22T11:36:41","guid":{"rendered":"http:\/\/www.shinemusicrental.com\/product\/yamaha-dxr-12-mkii-powered-speakers-set\/"},"modified":"2024-04-24T15:04:48","modified_gmt":"2024-04-24T13:04:48","slug":"yamaha-dxr-12-mkii-set-daltaveus","status":"publish","type":"product","link":"https:\/\/shinemusicrental.com\/ca\/product\/yamaha-dxr-12-mkii-set-daltaveus\/","title":{"rendered":"Yamaha DXR 12 MKII Set d&#8217;Altaveus"},"content":{"rendered":"<p>Els altaveus Yamaha DXR12mkII s\u00f3n un sistema d\u00e0udio molt potent i vers\u00e0til per a qualsevol ocasi\u00f3 de m\u00fasica en viu. Aquests altaveus estan equipats amb una notable pot\u00e8ncia de 1100 watts, que \u00e9s capa\u00e7 de proporcionar un so n\u00edtid fins i tot en llocs m\u00e9s grans. El woofer de 12 polzades i el tweeter de 1,75 polzades brinden un rang de freq\u00fc\u00e8ncia de 52 Hz a 20 kHz, cosa que el converteix en una elecci\u00f3 impecable per a qualsevol instrument musical o interpretaci\u00f3 vocal.<\/p>\n<p>La tecnologia de processament D-CONTOUR i sintonitzaci\u00f3 FIR-X exclusiva del DXR12mkII garanteix que el so sigui equilibrat i clar. Aquest aven\u00e7 tecnol\u00f2gic permet que els altaveus s&#8217;adaptin a la ubicaci\u00f3 de l&#8217;oient i ofereixin una experi\u00e8ncia de so m\u00e9s natural.<\/p>\n<p>A m\u00e9s de la seva construcci\u00f3 robusta i caracter\u00edstiques avan\u00e7ades, el disseny lleuger i les manetes integrades del DXR12mkII els fan f\u00e0cils de transportar a qualsevol lloc, cosa que els converteix en una excel\u00b7lent opci\u00f3 per a les empreses de lloguer d&#8217;instruments. Amb les seves caracter\u00edstiques notables, aquests parlants s\u00f3n una opci\u00f3 ideal per a qualsevol que busqui llogar un sistema de parlants d&#8217;alta qualitat per a un esdeveniment en viu.<\/p>\n<p>Per concloure, els altaveus Yamaha DXR12mkII ofereixen un sistema de so potent, equilibrat i port\u00e0til apte per a qualsevol ocasi\u00f3. S\u00f3n l&#8217;opci\u00f3 perfecta per a qualsevol lloguer d&#8217;instruments o qualsevol que busqui llogar un sistema d&#8217;altaveus d&#8217;alta qualitat.<\/p>\n<div id=\"gtx-trans\" style=\"position: absolute; left: 480px; top: 63.4844px;\">\n<div class=\"gtx-trans-icon\"><\/div>\n<\/div>\n","protected":false},"excerpt":{"rendered":"<p>Els altaveus Yamaha DXR12mkII s\u00f3n un sistema d\u00e0udio molt potent i vers\u00e0til per a qualsevol ocasi\u00f3 de m\u00fasica en viu. [&hellip;]<\/p>\n","protected":false},"featured_media":12014,"comment_status":"open","ping_status":"closed","template":"","meta":{"_acf_changed":false,"content-type":""},"product_brand":[],"product_cat":[330,346,344],"product_tag":[930,797,506,508,512,510,514,504,562,462,590,561,464,490,592,558],"class_list":{"0":"post-12019","1":"product","2":"type-product","3":"status-publish","4":"has-post-thumbnail","6":"product_cat-estudi","7":"product_cat-altaveus","8":"product_cat-altaveus-i-sets-de-pa","9":"product_tag-altaveus","10":"product_tag-altaveus-de-lloguer","11":"product_tag-equip-destudi","12":"product_tag-equip-destudi-barcelona","13":"product_tag-equip-destudi-de-lloguer","14":"product_tag-equip-destudi-es","15":"product_tag-equip-destudi-espanya","16":"product_tag-estudi","17":"product_tag-instruments-de-contractacio","18":"product_tag-lloguer-dinstruments","19":"product_tag-lloguer-dinstruments-ca-2","20":"product_tag-lloguer-dinstruments-ca","21":"product_tag-lloguer-dinstruments-barcelona","22":"product_tag-lloguer-dinstruments-barcelona-ca","23":"product_tag-lloguer-dinstruments-espanya-ca","24":"product_tag-lloguer-dinstruments-espanya","26":"first","27":"instock","28":"sold-individually","29":"shipping-taxable","30":"purchasable","31":"product-type-booking"},"booking_location":"","booking_location_type":"","booking_duration":1,"booking_duration_unit":"day","booking_buffer":0,"booking_cost":0,"booking_resources":[],"exclude_global_add_ons":false,"addons":[{"name":"ALTAVEUS PA","type":"checkbox","position":0,"required":false,"title_format":"label","default":"","description_enable":false,"description":"","placeholder_enable":false,"placeholder":"","display":"select","restrictions_type":"any_text","adjust_price":false,"price":"","price_type":"flat_fee","restrictions":false,"min":"0","max":"0","options":[{"label":"Cable d'Instrument Jack 1\/4","price":"5.00","price_type":"quantity_based","image":0,"visibility":true},{"label":"Cable XLR","price":"5.00","price_type":"quantity_based","image":0,"visibility":true},{"label":"Taula de Mescles (est\u00e0ndard)","price":"55.00","price_type":"quantity_based","image":0,"visibility":true},{"label":"Suport","price":"19.00","price_type":"quantity_based","image":0,"visibility":true},{"label":"DI Box","price":"5","price_type":"quantity_based","image":0,"visibility":true}]}],"acf":{"set_to_be_sold":false,"sale_description":"","sale_price":""},"_links":{"self":[{"href":"https:\/\/shinemusicrental.com\/ca\/wp-json\/wp\/v2\/product\/12019","targetHints":{"allow":["GET"]}}],"collection":[{"href":"https:\/\/shinemusicrental.com\/ca\/wp-json\/wp\/v2\/product"}],"about":[{"href":"https:\/\/shinemusicrental.com\/ca\/wp-json\/wp\/v2\/types\/product"}],"replies":[{"embeddable":true,"href":"https:\/\/shinemusicrental.com\/ca\/wp-json\/wp\/v2\/comments?post=12019"}],"wp:featuredmedia":[{"embeddable":true,"href":"https:\/\/shinemusicrental.com\/ca\/wp-json\/wp\/v2\/media\/12014"}],"wp:attachment":[{"href":"https:\/\/shinemusicrental.com\/ca\/wp-json\/wp\/v2\/media?parent=12019"}],"wp:term":[{"taxonomy":"product_brand","embeddable":true,"href":"https:\/\/shinemusicrental.com\/ca\/wp-json\/wp\/v2\/product_brand?post=12019"},{"taxonomy":"product_cat","embeddable":true,"href":"https:\/\/shinemusicrental.com\/ca\/wp-json\/wp\/v2\/product_cat?post=12019"},{"taxonomy":"product_tag","embeddable":true,"href":"https:\/\/shinemusicrental.com\/ca\/wp-json\/wp\/v2\/product_tag?post=12019"}],"curies":[{"name":"wp","href":"https:\/\/api.w.org\/{rel}","templated":true}]}}