{"id":12006,"date":"2023-03-22T11:22:27","date_gmt":"2023-03-22T10:22:27","guid":{"rendered":"http:\/\/www.shinemusicrental.com\/product\/behringer-x32-mixing-console\/"},"modified":"2024-04-24T15:03:46","modified_gmt":"2024-04-24T13:03:46","slug":"behringer-x32-taula-de-mescles","status":"publish","type":"product","link":"https:\/\/shinemusicrental.com\/ca\/product\/behringer-x32-taula-de-mescles\/","title":{"rendered":"Behringer X32 Taula de Mescles"},"content":{"rendered":"<p>La mescladora Behringer X32 \u00e9s un dispositiu de barreja d&#8217;\u00e0udio incre\u00efblement vers\u00e0til i robust que \u00e9s ideal tant per a presentacions en viu com per a enregistraments d&#8217;estudi. Amb la barbaritat de 32 canals, 16 busos de mescla i 8 grups DCA, aquesta taula de barreges proporciona un nivell incomparable d&#8217;adaptabilitat i control sobre el seu so.<\/p>\n<p>La consola de barreges X32 compta amb preamplificadors de primera l\u00ednia i processament de punt flotant de 40 bits, cosa que garanteix una qualitat de so n\u00edtida que sorprendr\u00e0 fins i tot a l&#8217;audi\u00f2fil m\u00e9s perceptiu. La interf\u00edcie senzilla i els fluxos de treball adaptables fan que sigui molt f\u00e0cil dutilitzar i personalitzar segons les seves prefer\u00e8ncies espec\u00edfiques.<\/p>\n<p>En resum, la consola de barreges Behringer X32 \u00e9s semblant a una navalla su\u00efssa multifac\u00e8tica per a enginyers d&#8217;\u00e0udio, una eina multifuncional que \u00e9s capa\u00e7 de manejar tot, des de sessions d&#8217;estudi intricades fins a complexes actuacions en viu. Millora el teu so llogant una taula de barreges com la Behringer X32.<\/p>\n<div id=\"gtx-trans\" style=\"position: absolute; left: -93px; top: -10.5156px;\">\n<div class=\"gtx-trans-icon\"><\/div>\n<\/div>\n","protected":false},"excerpt":{"rendered":"<p>La mescladora Behringer X32 \u00e9s un dispositiu de barreja d&#8217;\u00e0udio incre\u00efblement vers\u00e0til i robust que \u00e9s ideal tant per a [&hellip;]<\/p>\n","protected":false},"featured_media":12004,"comment_status":"open","ping_status":"closed","template":"","meta":{"_acf_changed":false,"content-type":""},"product_brand":[],"product_cat":[330,342],"product_tag":[506,508,512,510,514,504,562,462,590,561,464,490,592,558,787,789,790],"class_list":{"0":"post-12006","1":"product","2":"type-product","3":"status-publish","4":"has-post-thumbnail","6":"product_cat-estudi","7":"product_cat-mescladors-i-equips-dj","8":"product_tag-equip-destudi","9":"product_tag-equip-destudi-barcelona","10":"product_tag-equip-destudi-de-lloguer","11":"product_tag-equip-destudi-es","12":"product_tag-equip-destudi-espanya","13":"product_tag-estudi","14":"product_tag-instruments-de-contractacio","15":"product_tag-lloguer-dinstruments","16":"product_tag-lloguer-dinstruments-ca-2","17":"product_tag-lloguer-dinstruments-ca","18":"product_tag-lloguer-dinstruments-barcelona","19":"product_tag-lloguer-dinstruments-barcelona-ca","20":"product_tag-lloguer-dinstruments-espanya-ca","21":"product_tag-lloguer-dinstruments-espanya","22":"product_tag-mixer-ca","23":"product_tag-taula-de-mescles","24":"product_tag-taula-de-mescles-de-lloguer","26":"first","27":"instock","28":"sold-individually","29":"shipping-taxable","30":"purchasable","31":"product-type-booking"},"booking_location":"","booking_location_type":"","booking_duration":1,"booking_duration_unit":"day","booking_buffer":0,"booking_cost":0,"booking_resources":[],"exclude_global_add_ons":false,"addons":[{"name":"ALTAVEUS PA","type":"checkbox","position":0,"required":false,"title_format":"label","default":"","description_enable":false,"description":"","placeholder_enable":false,"placeholder":"","display":"select","restrictions_type":"any_text","adjust_price":false,"price":"","price_type":"flat_fee","restrictions":false,"min":"0","max":"0","options":[{"label":"Cable d'Instrument Jack 1\/4","price":"5.00","price_type":"quantity_based","image":0,"visibility":true},{"label":"Cable XLR","price":"5.00","price_type":"quantity_based","image":0,"visibility":true},{"label":"Taula de Mescles (est\u00e0ndard)","price":"55.00","price_type":"quantity_based","image":0,"visibility":true},{"label":"Suport","price":"19.00","price_type":"quantity_based","image":0,"visibility":true},{"label":"DI Box","price":"5","price_type":"quantity_based","image":0,"visibility":true}]}],"acf":{"set_to_be_sold":false,"sale_description":"","sale_price":""},"_links":{"self":[{"href":"https:\/\/shinemusicrental.com\/ca\/wp-json\/wp\/v2\/product\/12006","targetHints":{"allow":["GET"]}}],"collection":[{"href":"https:\/\/shinemusicrental.com\/ca\/wp-json\/wp\/v2\/product"}],"about":[{"href":"https:\/\/shinemusicrental.com\/ca\/wp-json\/wp\/v2\/types\/product"}],"replies":[{"embeddable":true,"href":"https:\/\/shinemusicrental.com\/ca\/wp-json\/wp\/v2\/comments?post=12006"}],"wp:featuredmedia":[{"embeddable":true,"href":"https:\/\/shinemusicrental.com\/ca\/wp-json\/wp\/v2\/media\/12004"}],"wp:attachment":[{"href":"https:\/\/shinemusicrental.com\/ca\/wp-json\/wp\/v2\/media?parent=12006"}],"wp:term":[{"taxonomy":"product_brand","embeddable":true,"href":"https:\/\/shinemusicrental.com\/ca\/wp-json\/wp\/v2\/product_brand?post=12006"},{"taxonomy":"product_cat","embeddable":true,"href":"https:\/\/shinemusicrental.com\/ca\/wp-json\/wp\/v2\/product_cat?post=12006"},{"taxonomy":"product_tag","embeddable":true,"href":"https:\/\/shinemusicrental.com\/ca\/wp-json\/wp\/v2\/product_tag?post=12006"}],"curies":[{"name":"wp","href":"https:\/\/api.w.org\/{rel}","templated":true}]}}