{"id":1197,"date":"2022-10-20T15:03:20","date_gmt":"2022-10-20T13:03:20","guid":{"rendered":"http:\/\/www.shinemusicrental.com\/product\/steinberg-ur22-mk2-usb-interficie-daudio\/"},"modified":"2024-04-08T17:51:00","modified_gmt":"2024-04-08T15:51:00","slug":"steinberg-ur22-mk2-usb-interficie-daudio","status":"publish","type":"product","link":"https:\/\/shinemusicrental.com\/ca\/product\/steinberg-ur22-mk2-usb-interficie-daudio\/","title":{"rendered":"Steinberg UR22 MK2 USB Interf\u00edcie d\u2019\u00c0udio"},"content":{"rendered":"<p>El Steinberg UR22 MK2 USB Audio Interface \u00e9s un aparell multifac\u00e8tic i fiable per gravar m\u00fasica i so. Les dues entrades combinades permeten la capacitat d&#8217;enregistrament de nivell de l\u00ednia i micr\u00f2fon, amb una alimentaci\u00f3 phantom seleccionable disponible per a aquest \u00faltim. A m\u00e9s, la interf\u00edcie inclou MIDI I\/O per connectar teclats i altres dispositius MIDI.<\/p>\n<p>Aquest UR22 MK2, amb la seva s\u00f2lida carcassa de metall i mida compacte, \u00e9s perfecte per a enregistraments en moviment, ja sigui en un estudi oa l&#8217;aire lliure. La seva monitoritzaci\u00f3 de maquinari sense lat\u00e8ncia i efectes DSP incorporats proporcionen als m\u00fasics una experi\u00e8ncia de gravaci\u00f3 fluida.<\/p>\n<p>Pensa-ho com una adaptaci\u00f3 musical d&#8217;una navalla su\u00efssa, amb una varietat d&#8217;entrades i caracter\u00edstiques per adaptar-se a cada situaci\u00f3 d&#8217;enregistrament. Per tant, ja sigui que un sigui un professional experimentat o estigui comen\u00e7ant, el Steinberg UR22 MK2 USB Audio Interface \u00e9s una opci\u00f3 s\u00f2lida per als seus requisits de Lloguer d&#8217;Instruments o si requereix una interf\u00edcie d&#8217;\u00e0udio per a la propera sessi\u00f3 d&#8217;enregistrament.<\/p>\n","protected":false},"excerpt":{"rendered":"<p><strong>Dip\u00f2sit: \u20ac60<\/strong><\/p>\n<div id=\"gtx-trans\" style=\"position: absolute; left: -34px; top: -10.6667px;\">\n<div class=\"gtx-trans-icon\"><\/div>\n<\/div>\n","protected":false},"featured_media":1194,"comment_status":"open","ping_status":"closed","template":"","meta":{"_acf_changed":false,"content-type":""},"product_brand":[],"product_cat":[330,332],"product_tag":[506,508,512,510,514,504,562,823,824,462,590,561,464,490,592,558],"class_list":{"0":"post-1197","1":"product","2":"type-product","3":"status-publish","4":"has-post-thumbnail","6":"product_cat-estudi","7":"product_cat-interficies-daudio-i-controladors","8":"product_tag-equip-destudi","9":"product_tag-equip-destudi-barcelona","10":"product_tag-equip-destudi-de-lloguer","11":"product_tag-equip-destudi-es","12":"product_tag-equip-destudi-espanya","13":"product_tag-estudi","14":"product_tag-instruments-de-contractacio","15":"product_tag-interficie-daudio","16":"product_tag-interficie-daudio-de-lloguer","17":"product_tag-lloguer-dinstruments","18":"product_tag-lloguer-dinstruments-ca-2","19":"product_tag-lloguer-dinstruments-ca","20":"product_tag-lloguer-dinstruments-barcelona","21":"product_tag-lloguer-dinstruments-barcelona-ca","22":"product_tag-lloguer-dinstruments-espanya-ca","23":"product_tag-lloguer-dinstruments-espanya","25":"first","26":"instock","27":"sold-individually","28":"shipping-taxable","29":"purchasable","30":"product-type-booking"},"booking_location":"","booking_location_type":"","booking_duration":1,"booking_duration_unit":"day","booking_buffer":0,"booking_cost":0,"booking_resources":[],"exclude_global_add_ons":false,"addons":[{"name":"Dip\u00f2sit","type":"checkbox","position":0,"required":false,"title_format":"hide","default":"","description_enable":false,"description":"","placeholder_enable":false,"placeholder":"","display":"select","restrictions_type":"any_text","adjust_price":false,"price":"","price_type":"flat_fee","restrictions":false,"min":"0","max":"0","options":[{"label":"Dip\u00f2sit","price":"60","price_type":"flat_fee","image":0,"visibility":true}]}],"acf":{"set_to_be_sold":false,"sale_description":"","sale_price":""},"_links":{"self":[{"href":"https:\/\/shinemusicrental.com\/ca\/wp-json\/wp\/v2\/product\/1197","targetHints":{"allow":["GET"]}}],"collection":[{"href":"https:\/\/shinemusicrental.com\/ca\/wp-json\/wp\/v2\/product"}],"about":[{"href":"https:\/\/shinemusicrental.com\/ca\/wp-json\/wp\/v2\/types\/product"}],"replies":[{"embeddable":true,"href":"https:\/\/shinemusicrental.com\/ca\/wp-json\/wp\/v2\/comments?post=1197"}],"wp:featuredmedia":[{"embeddable":true,"href":"https:\/\/shinemusicrental.com\/ca\/wp-json\/wp\/v2\/media\/1194"}],"wp:attachment":[{"href":"https:\/\/shinemusicrental.com\/ca\/wp-json\/wp\/v2\/media?parent=1197"}],"wp:term":[{"taxonomy":"product_brand","embeddable":true,"href":"https:\/\/shinemusicrental.com\/ca\/wp-json\/wp\/v2\/product_brand?post=1197"},{"taxonomy":"product_cat","embeddable":true,"href":"https:\/\/shinemusicrental.com\/ca\/wp-json\/wp\/v2\/product_cat?post=1197"},{"taxonomy":"product_tag","embeddable":true,"href":"https:\/\/shinemusicrental.com\/ca\/wp-json\/wp\/v2\/product_tag?post=1197"}],"curies":[{"name":"wp","href":"https:\/\/api.w.org\/{rel}","templated":true}]}}