{"id":1191,"date":"2022-10-20T14:42:30","date_gmt":"2022-10-20T12:42:30","guid":{"rendered":"http:\/\/www.shinemusicrental.com\/product\/contrabaix-kreutzer-school-la-eb-3-4\/"},"modified":"2023-03-15T13:54:02","modified_gmt":"2023-03-15T12:54:02","slug":"contrabaix-kreutzer-school-la-eb-3-4","status":"publish","type":"product","link":"https:\/\/shinemusicrental.com\/ca\/product\/contrabaix-kreutzer-school-la-eb-3-4\/","title":{"rendered":"Contrabaix Kreutzer School LA EB 3\/4"},"content":{"rendered":"<p>El contrabaix Kreutzer School L&#8217;EB 3\/4 \u00e9s un instrument de gran distinci\u00f3, molt adequat per a aquells que aspiren a sobresortir a l&#8217;art del baix. T\u00e9 una tapa d&#8217;avet mass\u00eds i c\u00e8rcols i fons d&#8217;aur\u00f3 laminat, cosa que dota el seu to d&#8217;una qualitat rica i ressonant.<\/p>\n<p>Gr\u00e0cies a la seva mida 3\/4 i al seu pont ajustable, el contrabaix en q\u00fcesti\u00f3 \u00e9s c\u00f2mode de tocar i c\u00f2mode de transportar. Com a tal, Kreutzer School L&#8217;EB 3\/4 serveix com una opci\u00f3 excel\u00b7lent per a aquells estudiants que busquen un instrument fiable i rendible per perfeccionar el seu ofici.<\/p>\n<p>Quan lloga un instrument com el Kreutzer School L&#8217;EB 3\/4, obt\u00e9 acc\u00e9s a un company fiable i durador, capa\u00e7 de produir sons vers\u00e0tils que delectaran qualsevol p\u00fablic.<\/p>\n<p>En conjunt, el Kreutzer School L&#8217;EB 3\/4 representa una excel\u00b7lent opci\u00f3 per a qualsevol persona que necessiti un treball fiable que sigui assequible i de gran qualitat. El so excepcional i la impressionant construcci\u00f3 el fan ideal tant per a estudiants com per a professionals.<\/p>\n","protected":false},"excerpt":{"rendered":"<p><strong>Dip\u00f2sit: \u20ac420<\/strong><\/p>\n<div id=\"gtx-trans\" style=\"position: absolute; left: 58px; top: -10.6667px;\">\n<div class=\"gtx-trans-icon\"><\/div>\n<\/div>\n","protected":false},"featured_media":1185,"comment_status":"open","ping_status":"closed","template":"","meta":{"_acf_changed":false,"content-type":""},"product_brand":[],"product_cat":[318,322],"product_tag":[718,719,562,492,494,496,500,498,502,462,590,561,464,490,592,558],"class_list":{"0":"post-1191","1":"product","2":"type-product","3":"status-publish","4":"has-post-thumbnail","6":"product_cat-instruments-de-corda","7":"product_cat-contrabaixos-ca","8":"product_tag-contrabaix","9":"product_tag-contrabaix-de-lloguer","10":"product_tag-instruments-de-contractacio","11":"product_tag-instruments-de-corda","12":"product_tag-instruments-de-corda-ca","13":"product_tag-instruments-de-corda-barcelona","14":"product_tag-instruments-de-corda-de-lloguer","15":"product_tag-instruments-de-corda-es","16":"product_tag-instruments-de-corda-espanya","17":"product_tag-lloguer-dinstruments","18":"product_tag-lloguer-dinstruments-ca-2","19":"product_tag-lloguer-dinstruments-ca","20":"product_tag-lloguer-dinstruments-barcelona","21":"product_tag-lloguer-dinstruments-barcelona-ca","22":"product_tag-lloguer-dinstruments-espanya-ca","23":"product_tag-lloguer-dinstruments-espanya","25":"first","26":"instock","27":"sold-individually","28":"shipping-taxable","29":"purchasable","30":"product-type-booking"},"booking_location":"","booking_location_type":"","booking_duration":1,"booking_duration_unit":"day","booking_buffer":0,"booking_cost":0,"booking_resources":[],"exclude_global_add_ons":false,"addons":[{"name":"Dip\u00f2sit","type":"checkbox","position":0,"required":false,"title_format":"hide","default":"","description_enable":false,"description":"","placeholder_enable":false,"placeholder":"","display":"select","restrictions_type":"any_text","adjust_price":false,"price":"","price_type":"flat_fee","restrictions":false,"min":"0","max":"0","options":[{"label":"Dip\u00f2sit","price":"420","price_type":"flat_fee","image":0,"visibility":true}]},{"name":"CONTRABAIX","type":"checkbox","position":0,"required":false,"title_format":"label","default":"","description_enable":false,"description":"","placeholder_enable":false,"placeholder":"","display":"select","restrictions_type":"any_text","adjust_price":false,"price":"","price_type":"flat_fee","restrictions":false,"min":"0","max":"0","options":[{"label":"Suport per a Contrabaix","price":"19.00","price_type":"quantity_based","image":0,"visibility":true},{"label":"Faristol","price":"5.00","price_type":"quantity_based","image":0,"visibility":true},{"label":"Faristol de Qualitat","price":"9.00","price_type":"quantity_based","image":0,"visibility":true}]}],"acf":{"set_to_be_sold":false,"sale_description":"","sale_price":""},"_links":{"self":[{"href":"https:\/\/shinemusicrental.com\/ca\/wp-json\/wp\/v2\/product\/1191","targetHints":{"allow":["GET"]}}],"collection":[{"href":"https:\/\/shinemusicrental.com\/ca\/wp-json\/wp\/v2\/product"}],"about":[{"href":"https:\/\/shinemusicrental.com\/ca\/wp-json\/wp\/v2\/types\/product"}],"replies":[{"embeddable":true,"href":"https:\/\/shinemusicrental.com\/ca\/wp-json\/wp\/v2\/comments?post=1191"}],"wp:featuredmedia":[{"embeddable":true,"href":"https:\/\/shinemusicrental.com\/ca\/wp-json\/wp\/v2\/media\/1185"}],"wp:attachment":[{"href":"https:\/\/shinemusicrental.com\/ca\/wp-json\/wp\/v2\/media?parent=1191"}],"wp:term":[{"taxonomy":"product_brand","embeddable":true,"href":"https:\/\/shinemusicrental.com\/ca\/wp-json\/wp\/v2\/product_brand?post=1191"},{"taxonomy":"product_cat","embeddable":true,"href":"https:\/\/shinemusicrental.com\/ca\/wp-json\/wp\/v2\/product_cat?post=1191"},{"taxonomy":"product_tag","embeddable":true,"href":"https:\/\/shinemusicrental.com\/ca\/wp-json\/wp\/v2\/product_tag?post=1191"}],"curies":[{"name":"wp","href":"https:\/\/api.w.org\/{rel}","templated":true}]}}