{"id":1182,"date":"2022-10-20T14:22:14","date_gmt":"2022-10-20T12:22:14","guid":{"rendered":"http:\/\/www.shinemusicrental.com\/product\/contrabaix-primo-ym2063\/"},"modified":"2023-03-15T13:33:40","modified_gmt":"2023-03-15T12:33:40","slug":"contrabaix-primo-ym2063","status":"publish","type":"product","link":"https:\/\/shinemusicrental.com\/ca\/product\/contrabaix-primo-ym2063\/","title":{"rendered":"Contrabaix Primo YM2063"},"content":{"rendered":"<p>El Contrabaix Primo YM2063 representa un instrument professional que t\u00e9 una qualitat de so excel\u00b7lent i unes capacitats d&#8217;actuaci\u00f3 excepcionals. Aquesta contrabaix en particular mostra una tapa d&#8217;avet, una esquena i costats de faig, i un corb tallat a m\u00e0 per crear una aparen\u00e7a aut\u00e8ntica i tradicional.<\/p>\n<p>Amb una mida de 3\/4 i un pont ajustable, la Primo YM2063 ofereix als m\u00fasics una jugabilitat c\u00f2moda i vers\u00e0til que satisf\u00e0 un ampli espectre de g\u00e8neres musicals. El to ressonant i profund de l&#8217;instrument el converteix en un candidat ideal per a la m\u00fasica cl\u00e0ssica, el jazz i els estils musicals d&#8217;orquestra.<\/p>\n<p>Si llogues una contrabaix similar a la Primo YM2063, tindr\u00e0s acc\u00e9s a un instrument sobresortint i d&#8217;alta qualitat que \u00e9s adequat tant per a principiants com per a professionals. La seva excepcional qualitat de so i la seva artesania superior faran que tocar-lo sigui una experi\u00e8ncia deliciosa.<\/p>\n<p>En general, la contrabaix Primo YM2063 es pot comparar amb un majestu\u00f3s gegant en una orquestra, amb caracter\u00edstiques poderoses, riques i autorit\u00e0ries. \u00c9s una opci\u00f3 fant\u00e0stica per a qualsevol persona que busqui un contrabaix fiable i vers\u00e0til que pugui produir un so d&#8217;alta qualitat.<\/p>\n","protected":false},"excerpt":{"rendered":"<p><strong>Dip\u00f2sit: \u20ac300<\/strong><\/p>\n<div id=\"gtx-trans\" style=\"position: absolute; left: -52px; top: 38.3333px;\">\n<div class=\"gtx-trans-icon\"><\/div>\n<\/div>\n","protected":false},"featured_media":1176,"comment_status":"open","ping_status":"closed","template":"","meta":{"_acf_changed":false,"content-type":""},"product_brand":[],"product_cat":[318,322],"product_tag":[718,719,562,492,494,496,500,498,502,462,590,561,464,490,592,558],"class_list":{"0":"post-1182","1":"product","2":"type-product","3":"status-publish","4":"has-post-thumbnail","6":"product_cat-instruments-de-corda","7":"product_cat-contrabaixos-ca","8":"product_tag-contrabaix","9":"product_tag-contrabaix-de-lloguer","10":"product_tag-instruments-de-contractacio","11":"product_tag-instruments-de-corda","12":"product_tag-instruments-de-corda-ca","13":"product_tag-instruments-de-corda-barcelona","14":"product_tag-instruments-de-corda-de-lloguer","15":"product_tag-instruments-de-corda-es","16":"product_tag-instruments-de-corda-espanya","17":"product_tag-lloguer-dinstruments","18":"product_tag-lloguer-dinstruments-ca-2","19":"product_tag-lloguer-dinstruments-ca","20":"product_tag-lloguer-dinstruments-barcelona","21":"product_tag-lloguer-dinstruments-barcelona-ca","22":"product_tag-lloguer-dinstruments-espanya-ca","23":"product_tag-lloguer-dinstruments-espanya","25":"first","26":"instock","27":"sold-individually","28":"shipping-taxable","29":"purchasable","30":"product-type-booking"},"booking_location":"","booking_location_type":"","booking_duration":1,"booking_duration_unit":"day","booking_buffer":0,"booking_cost":0,"booking_resources":[],"exclude_global_add_ons":false,"addons":[{"name":"Dip\u00f2sit","type":"checkbox","position":0,"required":false,"title_format":"hide","default":"","description_enable":false,"description":"","placeholder_enable":false,"placeholder":"","display":"select","restrictions_type":"any_text","adjust_price":false,"price":"","price_type":"flat_fee","restrictions":false,"min":"0","max":"0","options":[{"label":"Dip\u00f2sit","price":"300","price_type":"flat_fee","image":0,"visibility":true}]},{"name":"CONTRABAIX","type":"checkbox","position":0,"required":false,"title_format":"label","default":"","description_enable":false,"description":"","placeholder_enable":false,"placeholder":"","display":"select","restrictions_type":"any_text","adjust_price":false,"price":"","price_type":"flat_fee","restrictions":false,"min":"0","max":"0","options":[{"label":"Suport per a Contrabaix","price":"19.00","price_type":"quantity_based","image":0,"visibility":true},{"label":"Faristol","price":"5.00","price_type":"quantity_based","image":0,"visibility":true},{"label":"Faristol de Qualitat","price":"9.00","price_type":"quantity_based","image":0,"visibility":true}]}],"acf":{"set_to_be_sold":false,"sale_description":"","sale_price":""},"_links":{"self":[{"href":"https:\/\/shinemusicrental.com\/ca\/wp-json\/wp\/v2\/product\/1182","targetHints":{"allow":["GET"]}}],"collection":[{"href":"https:\/\/shinemusicrental.com\/ca\/wp-json\/wp\/v2\/product"}],"about":[{"href":"https:\/\/shinemusicrental.com\/ca\/wp-json\/wp\/v2\/types\/product"}],"replies":[{"embeddable":true,"href":"https:\/\/shinemusicrental.com\/ca\/wp-json\/wp\/v2\/comments?post=1182"}],"wp:featuredmedia":[{"embeddable":true,"href":"https:\/\/shinemusicrental.com\/ca\/wp-json\/wp\/v2\/media\/1176"}],"wp:attachment":[{"href":"https:\/\/shinemusicrental.com\/ca\/wp-json\/wp\/v2\/media?parent=1182"}],"wp:term":[{"taxonomy":"product_brand","embeddable":true,"href":"https:\/\/shinemusicrental.com\/ca\/wp-json\/wp\/v2\/product_brand?post=1182"},{"taxonomy":"product_cat","embeddable":true,"href":"https:\/\/shinemusicrental.com\/ca\/wp-json\/wp\/v2\/product_cat?post=1182"},{"taxonomy":"product_tag","embeddable":true,"href":"https:\/\/shinemusicrental.com\/ca\/wp-json\/wp\/v2\/product_tag?post=1182"}],"curies":[{"name":"wp","href":"https:\/\/api.w.org\/{rel}","templated":true}]}}