{"id":1167,"date":"2022-10-20T13:51:26","date_gmt":"2022-10-20T11:51:26","guid":{"rendered":"http:\/\/www.shinemusicrental.com\/product\/roland-fp30-bk-piano-digital\/"},"modified":"2025-01-07T15:53:40","modified_gmt":"2025-01-07T14:53:40","slug":"roland-fp30-bk-piano-digital","status":"publish","type":"product","link":"https:\/\/shinemusicrental.com\/ca\/product\/roland-fp30-bk-piano-digital\/","title":{"rendered":"Roland FP30 BK Piano Digital"},"content":{"rendered":"<p>El piano digital Roland FP30 BK \u00e9s un instrument de m\u00fasica de primer nivell que ofereix una qualitat de so i un rendiment excepcionals. Aquest piano digital t\u00e9 el motor de so SuperNATURAL de Roland, que proporciona sons de piano aut\u00e8ntics i expressius amb una gran riquesa.<\/p>\n<p>Amb 88 tecles ponderades, el FP30 BK ofereix una sensaci\u00f3 de piano aut\u00e8ntica, fet que el converteix en un instrument ideal per practicar i actuar. Tamb\u00e9 inclou una gamma d&#8217;altres sons, com ara pianos el\u00e8ctrics, orgues i cordes, per afegir versatilitat a la teva forma de tocar.<\/p>\n<p>Lloga un piano digital com el Roland FP30 BK i tindr\u00e0s acc\u00e9s a una s\u00e8rie de funcions dissenyades per millorar la teva experi\u00e8ncia de tocar. Aix\u00f2 inclou un metr\u00f2nom integrat, capacitats d&#8217;enregistrament i connectivitat Bluetooth per tocar al costat de les teves can\u00e7ons preferides.<\/p>\n<p>En general, el piano digital Roland FP30 BK destaca com a opci\u00f3 superior per a aquells que busquen un instrument port\u00e0til de alta qualitat que ofereixi sons de piano realistes i excel\u00b7lents capacitats de rendiment. \u00c9s com tenir un company fiable que sempre pots comptar per ajudar-te a crear m\u00fasica bonica.<\/p>\n","protected":false},"excerpt":{"rendered":"<p><strong>Dip\u00f2sit: \u20ac220<\/strong><\/p>\n<div id=\"gtx-trans\" style=\"position: absolute; left: 58px; top: 38.3333px;\">\n<div class=\"gtx-trans-icon\"><\/div>\n<\/div>\n","protected":false},"featured_media":1164,"comment_status":"open","ping_status":"closed","template":"","meta":{"_acf_changed":false,"content-type":""},"product_brand":[],"product_cat":[132,133],"product_tag":[562,462,590,561,464,490,592,558,478,479,488,482,484,486,764],"class_list":{"0":"post-1167","1":"product","2":"type-product","3":"status-publish","4":"has-post-thumbnail","6":"product_cat-instruments-de-teclat","7":"product_cat-pianos-digitals","8":"product_tag-instruments-de-contractacio","9":"product_tag-lloguer-dinstruments","10":"product_tag-lloguer-dinstruments-ca-2","11":"product_tag-lloguer-dinstruments-ca","12":"product_tag-lloguer-dinstruments-barcelona","13":"product_tag-lloguer-dinstruments-barcelona-ca","14":"product_tag-lloguer-dinstruments-espanya-ca","15":"product_tag-lloguer-dinstruments-espanya","16":"product_tag-piano-ca","17":"product_tag-piano-es-ca","18":"product_tag-piano-espanya","19":"product_tag-pianos-ca","20":"product_tag-pianos-barcelona-ca","21":"product_tag-pianos-de-lloguer","22":"product_tag-roland-ca","24":"first","25":"instock","26":"sold-individually","27":"shipping-taxable","28":"purchasable","29":"product-type-booking"},"booking_location":"","booking_location_type":"","booking_duration":1,"booking_duration_unit":"day","booking_buffer":0,"booking_cost":0,"booking_resources":[],"exclude_global_add_ons":false,"addons":[{"name":"Dip\u00f2sit","type":"checkbox","position":0,"required":false,"title_format":"hide","default":"","description_enable":false,"description":"","placeholder_enable":false,"placeholder":"","display":"select","restrictions_type":"any_text","adjust_price":false,"price":"","price_type":"flat_fee","restrictions":false,"min":"0","max":"0","options":[{"label":"Dip\u00f2sit","price":"220","price_type":"flat_fee","image":0,"visibility":true}]},{"name":"PIANO EL\u00c8CTRIC","type":"checkbox","position":0,"required":true,"title_format":"label","default":"","description_enable":false,"description":"","placeholder_enable":false,"placeholder":"","display":"select","restrictions_type":"any_text","adjust_price":false,"price":"","price_type":"flat_fee","restrictions":false,"min":"0","max":"0","options":[{"label":"Pedal de Sustain de Qualitat","price":"10.00","price_type":"quantity_based","image":0,"visibility":true},{"label":"Suport","price":"10.00","price_type":"quantity_based","image":0,"visibility":true},{"label":"Tamboret de Piano de Qualitat","price":"25.00","price_type":"quantity_based","image":0,"visibility":true},{"label":"Tamboret de Piano","price":"10.00","price_type":"quantity_based","image":0,"visibility":true}]}],"acf":{"set_to_be_sold":false,"sale_description":"","sale_price":""},"_links":{"self":[{"href":"https:\/\/shinemusicrental.com\/ca\/wp-json\/wp\/v2\/product\/1167","targetHints":{"allow":["GET"]}}],"collection":[{"href":"https:\/\/shinemusicrental.com\/ca\/wp-json\/wp\/v2\/product"}],"about":[{"href":"https:\/\/shinemusicrental.com\/ca\/wp-json\/wp\/v2\/types\/product"}],"replies":[{"embeddable":true,"href":"https:\/\/shinemusicrental.com\/ca\/wp-json\/wp\/v2\/comments?post=1167"}],"wp:featuredmedia":[{"embeddable":true,"href":"https:\/\/shinemusicrental.com\/ca\/wp-json\/wp\/v2\/media\/1164"}],"wp:attachment":[{"href":"https:\/\/shinemusicrental.com\/ca\/wp-json\/wp\/v2\/media?parent=1167"}],"wp:term":[{"taxonomy":"product_brand","embeddable":true,"href":"https:\/\/shinemusicrental.com\/ca\/wp-json\/wp\/v2\/product_brand?post=1167"},{"taxonomy":"product_cat","embeddable":true,"href":"https:\/\/shinemusicrental.com\/ca\/wp-json\/wp\/v2\/product_cat?post=1167"},{"taxonomy":"product_tag","embeddable":true,"href":"https:\/\/shinemusicrental.com\/ca\/wp-json\/wp\/v2\/product_tag?post=1167"}],"curies":[{"name":"wp","href":"https:\/\/api.w.org\/{rel}","templated":true}]}}