{"id":1161,"date":"2022-10-20T13:37:10","date_gmt":"2022-10-20T11:37:10","guid":{"rendered":"http:\/\/www.shinemusicrental.com\/product\/thomann-standard-cavaquinho-brasiler\/"},"modified":"2024-04-08T17:32:58","modified_gmt":"2024-04-08T15:32:58","slug":"thomann-standard-cavaquinho-brasiler","status":"publish","type":"product","link":"https:\/\/shinemusicrental.com\/ca\/product\/thomann-standard-cavaquinho-brasiler\/","title":{"rendered":"Thomann Standard Cavaquinho Brasiler"},"content":{"rendered":"<p>El Thomann Brazilian Cavaquinho Standard \u00e9s un instrument musical impecablement dissenyat que presumeix d&#8217;una qualitat de so i una jugabilitat excepcionals. Aquest cl\u00e0ssic instrument de quatre cordes originari del Brasil est\u00e0 fet a mida per a persones interessades a explorar les possibilitats sonores de la m\u00fasica samba i choro.<\/p>\n<p>El perfil ac\u00fastic del Brazilian Cavaquinho Standard es caracteritza per una tapa de pi ressonant, una part posterior i costats de mogent ric i un diapas\u00f3 de palisandre suau que, en conjunt, produeixen un timbre mel\u00b7liflu i robust. A causa de la seva mida petita i la seva construcci\u00f3 lleugera, l&#8217;instrument \u00e9s altament port\u00e0til i es pot tocar sense esfor\u00e7 en qualsevol ubicaci\u00f3.<\/p>\n<p>En llogar el Cavaquinho, el m\u00fasic obt\u00e9 acc\u00e9s a un so vers\u00e0til que \u00e9s perfecte tant per a actuacions en solitari com per a col\u00b7laboracions en grup. Amb la seva excepcional facilitat de toc i la seva artesania de primera qualitat, el Thomann Brazilian Cavaquinho Standard \u00e9s una excel\u00b7lent opci\u00f3 per a m\u00fasics novells i experimentats.<\/p>\n","protected":false},"excerpt":{"rendered":"<p><strong>Dip\u00f2sit: \u20ac40<\/strong><\/p>\n<div id=\"gtx-trans\" style=\"position: absolute; left: -74px; top: 38.3333px;\">\n<div class=\"gtx-trans-icon\"><\/div>\n<\/div>\n","protected":false},"featured_media":1158,"comment_status":"open","ping_status":"closed","template":"","meta":{"_acf_changed":false,"content-type":""},"product_brand":[],"product_cat":[176,188],"product_tag":[827,562,462,590,561,464,490,592,558],"class_list":{"0":"post-1161","1":"product","2":"type-product","3":"status-publish","4":"has-post-thumbnail","6":"product_cat-guitarres-i-baixos","7":"product_cat-cavaquinho-ca","8":"product_tag-cavaquinho-ca","9":"product_tag-instruments-de-contractacio","10":"product_tag-lloguer-dinstruments","11":"product_tag-lloguer-dinstruments-ca-2","12":"product_tag-lloguer-dinstruments-ca","13":"product_tag-lloguer-dinstruments-barcelona","14":"product_tag-lloguer-dinstruments-barcelona-ca","15":"product_tag-lloguer-dinstruments-espanya-ca","16":"product_tag-lloguer-dinstruments-espanya","18":"first","19":"instock","20":"sold-individually","21":"shipping-taxable","22":"purchasable","23":"product-type-booking"},"booking_location":"","booking_location_type":"","booking_duration":1,"booking_duration_unit":"day","booking_buffer":0,"booking_cost":0,"booking_resources":[],"exclude_global_add_ons":false,"addons":[{"name":"Dip\u00f2sit","type":"checkbox","position":0,"required":false,"title_format":"hide","default":"","description_enable":false,"description":"","placeholder_enable":false,"placeholder":"","display":"select","restrictions_type":"any_text","adjust_price":false,"price":"","price_type":"flat_fee","restrictions":false,"min":"0","max":"0","options":[{"label":"Dip\u00f2sit","price":"40","price_type":"flat_fee","image":0,"visibility":true}]}],"acf":{"set_to_be_sold":false,"sale_description":"","sale_price":""},"_links":{"self":[{"href":"https:\/\/shinemusicrental.com\/ca\/wp-json\/wp\/v2\/product\/1161","targetHints":{"allow":["GET"]}}],"collection":[{"href":"https:\/\/shinemusicrental.com\/ca\/wp-json\/wp\/v2\/product"}],"about":[{"href":"https:\/\/shinemusicrental.com\/ca\/wp-json\/wp\/v2\/types\/product"}],"replies":[{"embeddable":true,"href":"https:\/\/shinemusicrental.com\/ca\/wp-json\/wp\/v2\/comments?post=1161"}],"wp:featuredmedia":[{"embeddable":true,"href":"https:\/\/shinemusicrental.com\/ca\/wp-json\/wp\/v2\/media\/1158"}],"wp:attachment":[{"href":"https:\/\/shinemusicrental.com\/ca\/wp-json\/wp\/v2\/media?parent=1161"}],"wp:term":[{"taxonomy":"product_brand","embeddable":true,"href":"https:\/\/shinemusicrental.com\/ca\/wp-json\/wp\/v2\/product_brand?post=1161"},{"taxonomy":"product_cat","embeddable":true,"href":"https:\/\/shinemusicrental.com\/ca\/wp-json\/wp\/v2\/product_cat?post=1161"},{"taxonomy":"product_tag","embeddable":true,"href":"https:\/\/shinemusicrental.com\/ca\/wp-json\/wp\/v2\/product_tag?post=1161"}],"curies":[{"name":"wp","href":"https:\/\/api.w.org\/{rel}","templated":true}]}}