{"id":1155,"date":"2022-10-20T13:07:06","date_gmt":"2022-10-20T11:07:06","guid":{"rendered":"http:\/\/www.shinemusicrental.com\/product\/trompeta-yamaha-ytr-2330\/"},"modified":"2024-04-08T17:28:03","modified_gmt":"2024-04-08T15:28:03","slug":"trompeta-yamaha-ytr-2330","status":"publish","type":"product","link":"https:\/\/shinemusicrental.com\/ca\/product\/trompeta-yamaha-ytr-2330\/","title":{"rendered":"Trompeta-Yamaha YTR-2330"},"content":{"rendered":"<p>La trompeta Yamaha YTR-2330 \u00e9s una opci\u00f3 popular entre els principiants i m\u00fasics intermedis. \u00c9s un instrument vers\u00e0til adequat per a diversos estils de m\u00fasica, des de cl\u00e0ssica fins a jazz. La trompeta compta amb un calibre mitj\u00e0-gran, que ofereix una resposta f\u00e0cil i equilibrada. Els pistons d&#8217;aliatge de Monel asseguren durabilitat i un funcionament suau, el que facilita la seva utilitzaci\u00f3 en tots els registres.<\/p>\n<p>El YTR-2330 ve amb una funda lleugera estil motxilla, el que facilita el seu transport a assajos o concerts. Tamb\u00e9 t\u00e9 un anell lliscant de tercer pist\u00f3 ajustable i una cadira lliscant de primer pist\u00f3, el que permet personalitzar l&#8217;ajust de l&#8217;instrument a les prefer\u00e8ncies del m\u00fasic.<\/p>\n<p>El lloguer d&#8217;instruments \u00e9s una forma econ\u00f2mica de provar una nova trompeta sense haver de comprometre&#8217;s a una compra. Llogar una trompeta com el Yamaha YTR-2330 d\u00f3na l&#8217;oportunitat d&#8217;explorar les capacitats de l&#8217;instrument i determinar si \u00e9s la elecci\u00f3 adequada per al m\u00fasic.<\/p>\n<p>Tocar la trompeta YTR-2330 \u00e9s com tenir un company lleial que donar\u00e0 suport i millorar\u00e0 el seu viatge musical. El seu so \u00e9s com un raig de sol que il\u00b7lumina qualsevol actuaci\u00f3 musical.<\/p>\n<div id=\"gtx-trans\" style=\"position: absolute; left: -43px; top: -0.666666px;\">\n<div class=\"gtx-trans-icon\"><\/div>\n<\/div>\n","protected":false},"excerpt":{"rendered":"<p><strong>Dip\u00f2sit: \u20ac180<\/strong><\/p>\n<div id=\"gtx-trans\" style=\"position: absolute; left: -64px; top: -10.6667px;\">\n<div class=\"gtx-trans-icon\"><\/div>\n<\/div>\n","protected":false},"featured_media":1149,"comment_status":"open","ping_status":"closed","template":"","meta":{"_acf_changed":false,"content-type":""},"product_brand":[],"product_cat":[352,371],"product_tag":[516,562,518,520,524,522,526,462,590,561,464,490,592,558,596,758],"class_list":{"0":"post-1155","1":"product","2":"type-product","3":"status-publish","4":"has-post-thumbnail","6":"product_cat-instruments-de-vent","7":"product_cat-trompetes-ca","8":"product_tag-instrument-de-vent","9":"product_tag-instruments-de-contractacio","10":"product_tag-instruments-de-vent","11":"product_tag-instruments-de-vent-barcelona","12":"product_tag-instruments-de-vent-de-lloguer","13":"product_tag-instruments-de-vent-es","14":"product_tag-instruments-de-vent-espanya","15":"product_tag-lloguer-dinstruments","16":"product_tag-lloguer-dinstruments-ca-2","17":"product_tag-lloguer-dinstruments-ca","18":"product_tag-lloguer-dinstruments-barcelona","19":"product_tag-lloguer-dinstruments-barcelona-ca","20":"product_tag-lloguer-dinstruments-espanya-ca","21":"product_tag-lloguer-dinstruments-espanya","22":"product_tag-trompeta-ca","23":"product_tag-trompeta-de-lloguer","25":"first","26":"instock","27":"sold-individually","28":"shipping-taxable","29":"purchasable","30":"product-type-booking"},"booking_location":"","booking_location_type":"","booking_duration":1,"booking_duration_unit":"day","booking_buffer":0,"booking_cost":0,"booking_resources":[],"exclude_global_add_ons":false,"addons":[{"name":"Dip\u00f2sit","type":"checkbox","position":0,"required":false,"title_format":"hide","default":"","description_enable":false,"description":"","placeholder_enable":false,"placeholder":"","display":"select","restrictions_type":"any_text","adjust_price":false,"price":"","price_type":"flat_fee","restrictions":false,"min":"0","max":"0","options":[{"label":"Dip\u00f2sit","price":"180","price_type":"flat_fee","image":0,"visibility":true}]},{"name":"INSTRUMENTS DE VENT (tots)","type":"checkbox","position":0,"required":false,"title_format":"label","default":"","description_enable":false,"description":"","placeholder_enable":false,"placeholder":"","display":"select","restrictions_type":"any_text","adjust_price":false,"price":"","price_type":"flat_fee","restrictions":false,"min":"0","max":"0","options":[{"label":"Lleng\u00fceta","price":"5.00","price_type":"quantity_based","image":0,"visibility":true},{"label":"Faristol","price":"5.00","price_type":"flat_fee","image":0,"visibility":true},{"label":"Faristol de Qualitat","price":"9.00","price_type":"flat_fee","image":0,"visibility":true}]}],"acf":{"set_to_be_sold":false,"sale_description":"","sale_price":""},"_links":{"self":[{"href":"https:\/\/shinemusicrental.com\/ca\/wp-json\/wp\/v2\/product\/1155","targetHints":{"allow":["GET"]}}],"collection":[{"href":"https:\/\/shinemusicrental.com\/ca\/wp-json\/wp\/v2\/product"}],"about":[{"href":"https:\/\/shinemusicrental.com\/ca\/wp-json\/wp\/v2\/types\/product"}],"replies":[{"embeddable":true,"href":"https:\/\/shinemusicrental.com\/ca\/wp-json\/wp\/v2\/comments?post=1155"}],"wp:featuredmedia":[{"embeddable":true,"href":"https:\/\/shinemusicrental.com\/ca\/wp-json\/wp\/v2\/media\/1149"}],"wp:attachment":[{"href":"https:\/\/shinemusicrental.com\/ca\/wp-json\/wp\/v2\/media?parent=1155"}],"wp:term":[{"taxonomy":"product_brand","embeddable":true,"href":"https:\/\/shinemusicrental.com\/ca\/wp-json\/wp\/v2\/product_brand?post=1155"},{"taxonomy":"product_cat","embeddable":true,"href":"https:\/\/shinemusicrental.com\/ca\/wp-json\/wp\/v2\/product_cat?post=1155"},{"taxonomy":"product_tag","embeddable":true,"href":"https:\/\/shinemusicrental.com\/ca\/wp-json\/wp\/v2\/product_tag?post=1155"}],"curies":[{"name":"wp","href":"https:\/\/api.w.org\/{rel}","templated":true}]}}