{"id":1146,"date":"2022-10-20T12:57:35","date_gmt":"2022-10-20T10:57:35","guid":{"rendered":"http:\/\/www.shinemusicrental.com\/product\/behringer-umc204hd-interficie-daudio-usb\/"},"modified":"2023-03-15T13:09:27","modified_gmt":"2023-03-15T12:09:27","slug":"behringer-umc204hd-interficie-daudio-usb","status":"publish","type":"product","link":"https:\/\/shinemusicrental.com\/ca\/product\/behringer-umc204hd-interficie-daudio-usb\/","title":{"rendered":"Behringer UMC204HD Interf\u00edcie d\u2019\u00c0udio USB"},"content":{"rendered":"<p>La interf\u00edcie d&#8217;\u00e0udio USB Behringer UMC204HD \u00e9s una opci\u00f3 formidable i econ\u00f2mica per enregistrar \u00e0udio al teu ordinador personal. Aquesta interf\u00edcie compta amb dos preamplificadors de primera qualitat amb alimentaci\u00f3 phantom +48V per a micr\u00f2fons de condensador, aix\u00ed com convertidors de 24 bits\/192 kHz per a una fidelitat de so excepcional.<\/p>\n<p>A m\u00e9s, el UMC204HD est\u00e0 equipat amb MIDI I\/O per connectar controladors i instruments externs, convertint-lo en una excel\u00b7lent opci\u00f3 per a m\u00fasics i productors que busquen gravar les seves pr\u00f2pies pistes a casa seva. La interf\u00edcie \u00e9s compatible amb la majoria del programari d&#8217;enregistrament popular i es pot connectar f\u00e0cilment a trav\u00e9s d&#8217;USB al teu ordinador personal o port\u00e0til.<\/p>\n<p>Amb el seu disseny elegant i construcci\u00f3 robusta, el UMC204HD \u00e9s una inversi\u00f3 fiable per a aquells que busquen millorar la seva experi\u00e8ncia d&#8217;enregistrament d&#8217;\u00e0udio sense inc\u00f3rrer en despeses substancials. \u00c9s com tenir un servei de lloguer d&#8217;instruments fiable al qual sempre pots rec\u00f3rrer per obtenir una qualitat de so excepcional.<\/p>\n","protected":false},"excerpt":{"rendered":"<p><strong>Dip\u00f2sit: \u20ac30<\/strong><\/p>\n<div id=\"gtx-trans\" style=\"position: absolute; left: -45px; top: 38.3333px;\">\n<div class=\"gtx-trans-icon\"><\/div>\n<\/div>\n","protected":false},"featured_media":1140,"comment_status":"open","ping_status":"closed","template":"","meta":{"_acf_changed":false,"content-type":""},"product_brand":[],"product_cat":[330,332],"product_tag":[506,508,512,510,514,504,562,823,824,462,590,561,464,490,592,558],"class_list":{"0":"post-1146","1":"product","2":"type-product","3":"status-publish","4":"has-post-thumbnail","6":"product_cat-estudi","7":"product_cat-interficies-daudio-i-controladors","8":"product_tag-equip-destudi","9":"product_tag-equip-destudi-barcelona","10":"product_tag-equip-destudi-de-lloguer","11":"product_tag-equip-destudi-es","12":"product_tag-equip-destudi-espanya","13":"product_tag-estudi","14":"product_tag-instruments-de-contractacio","15":"product_tag-interficie-daudio","16":"product_tag-interficie-daudio-de-lloguer","17":"product_tag-lloguer-dinstruments","18":"product_tag-lloguer-dinstruments-ca-2","19":"product_tag-lloguer-dinstruments-ca","20":"product_tag-lloguer-dinstruments-barcelona","21":"product_tag-lloguer-dinstruments-barcelona-ca","22":"product_tag-lloguer-dinstruments-espanya-ca","23":"product_tag-lloguer-dinstruments-espanya","25":"first","26":"instock","27":"sold-individually","28":"shipping-taxable","29":"purchasable","30":"product-type-booking"},"booking_location":"","booking_location_type":"","booking_duration":1,"booking_duration_unit":"day","booking_buffer":0,"booking_cost":0,"booking_resources":[],"exclude_global_add_ons":false,"addons":[{"name":"Dip\u00f2sit","type":"checkbox","position":0,"required":false,"title_format":"hide","default":"","description_enable":false,"description":"","placeholder_enable":false,"placeholder":"","display":"select","restrictions_type":"any_text","adjust_price":false,"price":"","price_type":"flat_fee","restrictions":false,"min":"0","max":"0","options":[{"label":"Dip\u00f2sit","price":"30","price_type":"flat_fee","image":0,"visibility":true}]}],"acf":{"set_to_be_sold":false,"sale_description":"","sale_price":""},"_links":{"self":[{"href":"https:\/\/shinemusicrental.com\/ca\/wp-json\/wp\/v2\/product\/1146","targetHints":{"allow":["GET"]}}],"collection":[{"href":"https:\/\/shinemusicrental.com\/ca\/wp-json\/wp\/v2\/product"}],"about":[{"href":"https:\/\/shinemusicrental.com\/ca\/wp-json\/wp\/v2\/types\/product"}],"replies":[{"embeddable":true,"href":"https:\/\/shinemusicrental.com\/ca\/wp-json\/wp\/v2\/comments?post=1146"}],"wp:featuredmedia":[{"embeddable":true,"href":"https:\/\/shinemusicrental.com\/ca\/wp-json\/wp\/v2\/media\/1140"}],"wp:attachment":[{"href":"https:\/\/shinemusicrental.com\/ca\/wp-json\/wp\/v2\/media?parent=1146"}],"wp:term":[{"taxonomy":"product_brand","embeddable":true,"href":"https:\/\/shinemusicrental.com\/ca\/wp-json\/wp\/v2\/product_brand?post=1146"},{"taxonomy":"product_cat","embeddable":true,"href":"https:\/\/shinemusicrental.com\/ca\/wp-json\/wp\/v2\/product_cat?post=1146"},{"taxonomy":"product_tag","embeddable":true,"href":"https:\/\/shinemusicrental.com\/ca\/wp-json\/wp\/v2\/product_tag?post=1146"}],"curies":[{"name":"wp","href":"https:\/\/api.w.org\/{rel}","templated":true}]}}