{"id":1137,"date":"2022-10-20T12:53:09","date_gmt":"2022-10-20T10:53:09","guid":{"rendered":"http:\/\/www.shinemusicrental.com\/product\/carmen-y-10-guitarra-1-2-per-a-nens\/"},"modified":"2024-04-08T17:26:00","modified_gmt":"2024-04-08T15:26:00","slug":"carmen-y-10-guitarra-1-2-per-a-nens","status":"publish","type":"product","link":"https:\/\/shinemusicrental.com\/ca\/product\/carmen-y-10-guitarra-1-2-per-a-nens\/","title":{"rendered":"Carmen Y-10 Guitarra 1\/2 per a Nens"},"content":{"rendered":"<p>La Guitarra Cl\u00e0ssica Infantil Carmen Y-10 de 1\/2 \u00e9s un instrument de alta qualitat que \u00e9s perfecte per a joves aprenents. Aquesta guitarra compta amb una construcci\u00f3 lleugera, la qual cosa la fa f\u00e0cil de manejar i tocar per llargs per\u00edodes de temps. El cos est\u00e0 fet de fusta de tilleul, amb un acabat natural que li d\u00f3na un aspecte cl\u00e0ssic. El m\u00e0stil est\u00e0 fet de fusta d&#8217;aur\u00f3, amb un diapas\u00f3 de palissandre que proporciona una superf\u00edcie de joc suau.<\/p>\n<p>El Y-10 produeix un so brillant i clar, gr\u00e0cies a les seves cordes de nil\u00f3 i la seva tapa de pi blanc. \u00c9s una excel\u00b7lent opci\u00f3 per a principiants que acaben de comen\u00e7ar a aprendre els fonaments de tocar la guitarra. La guitarra tamb\u00e9 est\u00e0 disponible per llogar, la qual cosa la converteix en una opci\u00f3 rentable per a les fam\u00edlies que volen introduir als seus fills en la m\u00fasica.<\/p>\n<p>Tocar la Guitarra Cl\u00e0ssica Infantil Carmen Y-10 de 1\/2 \u00e9s com donar un passeig per un prat, amb el seu so dol\u00e7 i animat que ressona com una brisa suau. Llogui una guitarra per al seu fill, com la Carmen Y-10, i observi la joia de fer m\u00fasica.<\/p>\n<div id=\"gtx-trans\" style=\"position: absolute; left: -73px; top: -0.666666px;\">\n<div class=\"gtx-trans-icon\"><\/div>\n<\/div>\n","protected":false},"excerpt":{"rendered":"<p><strong>Dip\u00f2sit: \u20ac30<\/strong><\/p>\n<div id=\"gtx-trans\" style=\"position: absolute; left: -52px; top: -10.6667px;\">\n<div class=\"gtx-trans-icon\"><\/div>\n<\/div>\n","protected":false},"featured_media":1134,"comment_status":"open","ping_status":"closed","template":"","meta":{"_acf_changed":false,"content-type":""},"product_brand":[],"product_cat":[176,192,190],"product_tag":[568,570,572,564,614,460,566,562,561,462,590,464,490,592,558],"class_list":{"0":"post-1137","1":"product","2":"type-product","3":"status-publish","4":"has-post-thumbnail","6":"product_cat-guitarres-i-baixos","7":"product_cat-guitarres-classiques","8":"product_cat-guitarra-per-nens","9":"product_tag-guitarra-ca","10":"product_tag-guitarra-barcelona-ca","11":"product_tag-guitarra-de-lloguer","12":"product_tag-guitarra-espanya","13":"product_tag-guitarra-infantil","14":"product_tag-guitarres","15":"product_tag-guitarres-espanya","16":"product_tag-instruments-de-contractacio","17":"product_tag-lloguer-dinstruments-ca","18":"product_tag-lloguer-dinstruments","19":"product_tag-lloguer-dinstruments-ca-2","20":"product_tag-lloguer-dinstruments-barcelona","21":"product_tag-lloguer-dinstruments-barcelona-ca","22":"product_tag-lloguer-dinstruments-espanya-ca","23":"product_tag-lloguer-dinstruments-espanya","25":"first","26":"instock","27":"sold-individually","28":"shipping-taxable","29":"purchasable","30":"product-type-booking"},"booking_location":"","booking_location_type":"","booking_duration":1,"booking_duration_unit":"day","booking_buffer":0,"booking_cost":0,"booking_resources":[],"exclude_global_add_ons":false,"addons":[{"name":"Dip\u00f2sit","type":"checkbox","position":0,"required":false,"title_format":"hide","default":"","description_enable":false,"description":"","placeholder_enable":false,"placeholder":"","display":"select","restrictions_type":"any_text","adjust_price":false,"price":"","price_type":"flat_fee","restrictions":false,"min":"0","max":"0","options":[{"label":"Dip\u00f2sit","price":"30","price_type":"flat_fee","image":0,"visibility":true}]},{"name":"Guitarres Cl\u00e0ssiques","type":"checkbox","position":0,"required":false,"title_format":"label","default":"","description_enable":false,"description":"","placeholder_enable":false,"placeholder":"","display":"select","restrictions_type":"any_text","adjust_price":false,"price":"","price_type":"flat_fee","restrictions":false,"min":"0","max":"0","options":[{"label":"Afinador","price":"5.00","price_type":"quantity_based","image":0,"visibility":true},{"label":"Recolzapeus per a Guitarra de Qualitat","price":"9.00","price_type":"quantity_based","image":0,"visibility":true},{"label":"Recolzapeus per a Guitarra Est\u00e0ndard","price":"5.00","price_type":"quantity_based","image":0,"visibility":true},{"label":"Faristol de Qualitat","price":"9.00","price_type":"quantity_based","image":0,"visibility":true},{"label":"Faristol","price":"5.00","price_type":"quantity_based","image":0,"visibility":true},{"label":"Capo - Guitarra Cl\u00e0ssica","price":"5.00","price_type":"quantity_based","image":0,"visibility":true},{"label":"Pua de Qualitat","price":"2.00","price_type":"quantity_based","image":0,"visibility":true},{"label":"Pua Est\u00e0ndard","price":"1.00","price_type":"quantity_based","image":0,"visibility":true}]}],"acf":{"set_to_be_sold":false,"sale_description":"","sale_price":""},"_links":{"self":[{"href":"https:\/\/shinemusicrental.com\/ca\/wp-json\/wp\/v2\/product\/1137","targetHints":{"allow":["GET"]}}],"collection":[{"href":"https:\/\/shinemusicrental.com\/ca\/wp-json\/wp\/v2\/product"}],"about":[{"href":"https:\/\/shinemusicrental.com\/ca\/wp-json\/wp\/v2\/types\/product"}],"replies":[{"embeddable":true,"href":"https:\/\/shinemusicrental.com\/ca\/wp-json\/wp\/v2\/comments?post=1137"}],"wp:featuredmedia":[{"embeddable":true,"href":"https:\/\/shinemusicrental.com\/ca\/wp-json\/wp\/v2\/media\/1134"}],"wp:attachment":[{"href":"https:\/\/shinemusicrental.com\/ca\/wp-json\/wp\/v2\/media?parent=1137"}],"wp:term":[{"taxonomy":"product_brand","embeddable":true,"href":"https:\/\/shinemusicrental.com\/ca\/wp-json\/wp\/v2\/product_brand?post=1137"},{"taxonomy":"product_cat","embeddable":true,"href":"https:\/\/shinemusicrental.com\/ca\/wp-json\/wp\/v2\/product_cat?post=1137"},{"taxonomy":"product_tag","embeddable":true,"href":"https:\/\/shinemusicrental.com\/ca\/wp-json\/wp\/v2\/product_tag?post=1137"}],"curies":[{"name":"wp","href":"https:\/\/api.w.org\/{rel}","templated":true}]}}