{"id":1131,"date":"2022-10-20T12:48:19","date_gmt":"2022-10-20T10:48:19","guid":{"rendered":"http:\/\/www.shinemusicrental.com\/product\/ibanez-v50njp-nt-guitarra-acustica\/"},"modified":"2023-03-15T12:56:56","modified_gmt":"2023-03-15T11:56:56","slug":"ibanez-v50njp-nt-guitarra-acustica","status":"publish","type":"product","link":"https:\/\/shinemusicrental.com\/ca\/product\/ibanez-v50njp-nt-guitarra-acustica\/","title":{"rendered":"Ibanez V50NJP NT Guitarra Ac\u00fastica"},"content":{"rendered":"<p>La guitarra ac\u00fastica Ibanez V50NJP NT, un instrument musical altament fiable i assequible, \u00e9s molt adequada per a m\u00fasics novells i intermedis. La seva estructura de cos \u00e9s del tipus dreadnought i t\u00e9 una tapa de pi que produeix un so equilibrat i harm\u00f2nic que \u00e9s clar i c\u00e0lid alhora. La caoba utilitzada en la part posterior i els costats de la guitarra li proporciona una construcci\u00f3 robusta i duradora que pot resistir l&#8217;\u00fas freq\u00fcent sense patir danys.<\/p>\n<p>Aquesta guitarra en particular t\u00e9 un diapas\u00f3 de palissandre amb 20 trasts, juntament amb afinadors de fosa cromats que proporcionen una afinaci\u00f3 altament estable i precisa. La bossa de concert, l&#8217;afinador crom\u00e0tic, la corretja per a la guitarra, les p\u00faes i la bossa d&#8217;accessoris estan inclosos com a part del paquet.<\/p>\n<p>Aquells que dubten a comprometre&#8217;s a comprar una guitarra trobaran que la Ibanez V50NJP NT est\u00e0 disponible per a llogar. Tocar aquesta guitarra \u00e9s similar a donar un passeig tranquil en un parc ser\u00e8, on cada nota produ\u00efda ressona amb la tranquil\u00b7litat de la natura, produint una melodia harm\u00f2nica que \u00e9s agradable per als o\u00efdes. A causa de la seva excel\u00b7lent qualitat de so i preus raonables, aquesta guitarra \u00e9s una opci\u00f3 ideal per a qualsevol que busqui llogar una guitarra ac\u00fastica.<\/p>\n","protected":false},"excerpt":{"rendered":"<p><strong>Dip\u00f2sit: \u20ac40<\/strong><\/p>\n<div id=\"gtx-trans\" style=\"position: absolute; left: -12px; top: -10.6667px;\">\n<div class=\"gtx-trans-icon\"><\/div>\n<\/div>\n","protected":false},"featured_media":1128,"comment_status":"open","ping_status":"closed","template":"","meta":{"_acf_changed":false,"content-type":""},"product_brand":[],"product_cat":[176,180],"product_tag":[568,818,570,572,564,460,566,656,562,561,462,590,464,490,592,558],"class_list":{"0":"post-1131","1":"product","2":"type-product","3":"status-publish","4":"has-post-thumbnail","6":"product_cat-guitarres-i-baixos","7":"product_cat-guitarres-acustiques","8":"product_tag-guitarra-ca","9":"product_tag-guitarra-acustica-ca","10":"product_tag-guitarra-barcelona-ca","11":"product_tag-guitarra-de-lloguer","12":"product_tag-guitarra-espanya","13":"product_tag-guitarres","14":"product_tag-guitarres-espanya","15":"product_tag-ibanez-ca","16":"product_tag-instruments-de-contractacio","17":"product_tag-lloguer-dinstruments-ca","18":"product_tag-lloguer-dinstruments","19":"product_tag-lloguer-dinstruments-ca-2","20":"product_tag-lloguer-dinstruments-barcelona","21":"product_tag-lloguer-dinstruments-barcelona-ca","22":"product_tag-lloguer-dinstruments-espanya-ca","23":"product_tag-lloguer-dinstruments-espanya","25":"first","26":"instock","27":"sold-individually","28":"shipping-taxable","29":"purchasable","30":"product-type-booking"},"booking_location":"","booking_location_type":"","booking_duration":1,"booking_duration_unit":"day","booking_buffer":0,"booking_cost":0,"booking_resources":[],"exclude_global_add_ons":false,"addons":[{"name":"Dip\u00f2sit","type":"checkbox","position":0,"required":false,"title_format":"hide","default":"","description_enable":false,"description":"","placeholder_enable":false,"placeholder":"","display":"select","restrictions_type":"any_text","adjust_price":false,"price":"","price_type":"flat_fee","restrictions":false,"min":"0","max":"0","options":[{"label":"Dip\u00f2sit","price":"40","price_type":"flat_fee","image":0,"visibility":true}]},{"name":"Guitarres Ac\u00fastiques","type":"checkbox","position":0,"required":false,"title_format":"label","default":"","description_enable":false,"description":"","placeholder_enable":false,"placeholder":"","display":"select","restrictions_type":"any_text","adjust_price":false,"price":"","price_type":"flat_fee","restrictions":false,"min":"0","max":"0","options":[{"label":"Cable d'Instrument Jack 1\/4","price":"5.00","price_type":"quantity_based","image":0,"visibility":true},{"label":"Pua de Qualitat","price":"2.00","price_type":"quantity_based","image":0,"visibility":true},{"label":"Pua Est\u00e0ndard","price":"1.00","price_type":"quantity_based","image":0,"visibility":true},{"label":"Corretja","price":"5.00","price_type":"quantity_based","image":0,"visibility":true},{"label":"Capo","price":"5.00","price_type":"quantity_based","image":0,"visibility":true},{"label":"Afinador","price":"5.00","price_type":"quantity_based","image":0,"visibility":true},{"label":"Faristol de Qualitat","price":"9.00","price_type":"quantity_based","image":0,"visibility":true},{"label":"Faristol","price":"5.00","price_type":"quantity_based","image":0,"visibility":true}]}],"acf":{"set_to_be_sold":false,"sale_description":"","sale_price":""},"_links":{"self":[{"href":"https:\/\/shinemusicrental.com\/ca\/wp-json\/wp\/v2\/product\/1131","targetHints":{"allow":["GET"]}}],"collection":[{"href":"https:\/\/shinemusicrental.com\/ca\/wp-json\/wp\/v2\/product"}],"about":[{"href":"https:\/\/shinemusicrental.com\/ca\/wp-json\/wp\/v2\/types\/product"}],"replies":[{"embeddable":true,"href":"https:\/\/shinemusicrental.com\/ca\/wp-json\/wp\/v2\/comments?post=1131"}],"wp:featuredmedia":[{"embeddable":true,"href":"https:\/\/shinemusicrental.com\/ca\/wp-json\/wp\/v2\/media\/1128"}],"wp:attachment":[{"href":"https:\/\/shinemusicrental.com\/ca\/wp-json\/wp\/v2\/media?parent=1131"}],"wp:term":[{"taxonomy":"product_brand","embeddable":true,"href":"https:\/\/shinemusicrental.com\/ca\/wp-json\/wp\/v2\/product_brand?post=1131"},{"taxonomy":"product_cat","embeddable":true,"href":"https:\/\/shinemusicrental.com\/ca\/wp-json\/wp\/v2\/product_cat?post=1131"},{"taxonomy":"product_tag","embeddable":true,"href":"https:\/\/shinemusicrental.com\/ca\/wp-json\/wp\/v2\/product_tag?post=1131"}],"curies":[{"name":"wp","href":"https:\/\/api.w.org\/{rel}","templated":true}]}}