{"id":1115,"date":"2022-10-20T12:02:42","date_gmt":"2022-10-20T10:02:42","guid":{"rendered":"http:\/\/www.shinemusicrental.com\/product\/acordio-guerrini-superluxe\/"},"modified":"2024-04-08T17:16:04","modified_gmt":"2024-04-08T15:16:04","slug":"acordio-guerrini-superluxe","status":"publish","type":"product","link":"https:\/\/shinemusicrental.com\/ca\/product\/acordio-guerrini-superluxe\/","title":{"rendered":"Acordi\u00f3 Guerrini SuperLuxe"},"content":{"rendered":"<p>L&#8217;acordi\u00f3 Guerrini SuperLuxe \u00e9s un instrument de primera qualitat adequat per a m\u00fasics professionals i avan\u00e7ats. La seva qualitat de so superior i disseny impecable el converteixen en un model d&#8217;acordi\u00f3 molt desitjat.<\/p>\n<p>El SuperLuxe compta amb un teclat d&#8217;aguts de 41 botons i 120 botons de baix, oferint una \u00e0mplia gamma de notes i acords per tocar. Les lleng\u00fcetes estan fetes d&#8217;acer de primera qualitat i acabades a m\u00e0 amb perfecci\u00f3, la qual cosa garanteix un so clar i potent capa\u00e7 de omplir qualsevol sala.<\/p>\n<p>Llogar un acordi\u00f3 com el Guerrini SuperLuxe \u00e9s una excel\u00b7lent opci\u00f3 per als m\u00fasics que volen experimentar el m\u00e9s alt nivell de qualitat i artesania sense comprometre&#8217;s a una compra. Tamb\u00e9 \u00e9s ideal per a aquells que volen provar diferents models d&#8217;acordions abans de prendre una decisi\u00f3 final.<\/p>\n<p>Tocar l&#8217;acordi\u00f3 SuperLuxe \u00e9s com tenir una eina poderosa que permet al m\u00fasic expressar les seves emocions a trav\u00e9s de la m\u00fasica. El seu so \u00e9s com un encanteri m\u00e0gic que encanta l&#8217;audi\u00e8ncia i els deixa hipnotitzats.<\/p>\n<div id=\"gtx-trans\" style=\"position: absolute; left: -41px; top: -0.666666px;\">\n<div class=\"gtx-trans-icon\"><\/div>\n<\/div>\n","protected":false},"excerpt":{"rendered":"<p><strong>Dip\u00f2sit: \u20ac280<\/strong><\/p>\n<div id=\"gtx-trans\" style=\"position: absolute; left: -32px; top: -10.7539px;\">\n<div class=\"gtx-trans-icon\"><\/div>\n<\/div>\n","protected":false},"featured_media":1109,"comment_status":"open","ping_status":"closed","template":"","meta":{"_acf_changed":false,"content-type":""},"product_brand":[],"product_cat":[132,210],"product_tag":[811,812,562,663,462,590,561,464,490,592,558,478,479,488,482,484,486],"class_list":{"0":"post-1115","1":"product","2":"type-product","3":"status-publish","4":"has-post-thumbnail","6":"product_cat-instruments-de-teclat","7":"product_cat-acordions","8":"product_tag-acordio","9":"product_tag-acordio-de-lloguer","10":"product_tag-instruments-de-contractacio","11":"product_tag-llogar-piano-digital","12":"product_tag-lloguer-dinstruments","13":"product_tag-lloguer-dinstruments-ca-2","14":"product_tag-lloguer-dinstruments-ca","15":"product_tag-lloguer-dinstruments-barcelona","16":"product_tag-lloguer-dinstruments-barcelona-ca","17":"product_tag-lloguer-dinstruments-espanya-ca","18":"product_tag-lloguer-dinstruments-espanya","19":"product_tag-piano-ca","20":"product_tag-piano-es-ca","21":"product_tag-piano-espanya","22":"product_tag-pianos-ca","23":"product_tag-pianos-barcelona-ca","24":"product_tag-pianos-de-lloguer","26":"first","27":"instock","28":"sold-individually","29":"shipping-taxable","30":"purchasable","31":"product-type-booking"},"booking_location":"","booking_location_type":"","booking_duration":1,"booking_duration_unit":"day","booking_buffer":0,"booking_cost":0,"booking_resources":[],"exclude_global_add_ons":false,"addons":[{"name":"Dip\u00f2sit","type":"checkbox","position":0,"required":false,"title_format":"hide","default":"","description_enable":false,"description":"","placeholder_enable":false,"placeholder":"","display":"select","restrictions_type":"any_text","adjust_price":false,"price":"","price_type":"flat_fee","restrictions":false,"min":"0","max":"0","options":[{"label":"Dip\u00f2sit","price":"280","price_type":"flat_fee","image":0,"visibility":true}]}],"acf":{"set_to_be_sold":false,"sale_description":"","sale_price":""},"_links":{"self":[{"href":"https:\/\/shinemusicrental.com\/ca\/wp-json\/wp\/v2\/product\/1115","targetHints":{"allow":["GET"]}}],"collection":[{"href":"https:\/\/shinemusicrental.com\/ca\/wp-json\/wp\/v2\/product"}],"about":[{"href":"https:\/\/shinemusicrental.com\/ca\/wp-json\/wp\/v2\/types\/product"}],"replies":[{"embeddable":true,"href":"https:\/\/shinemusicrental.com\/ca\/wp-json\/wp\/v2\/comments?post=1115"}],"wp:featuredmedia":[{"embeddable":true,"href":"https:\/\/shinemusicrental.com\/ca\/wp-json\/wp\/v2\/media\/1109"}],"wp:attachment":[{"href":"https:\/\/shinemusicrental.com\/ca\/wp-json\/wp\/v2\/media?parent=1115"}],"wp:term":[{"taxonomy":"product_brand","embeddable":true,"href":"https:\/\/shinemusicrental.com\/ca\/wp-json\/wp\/v2\/product_brand?post=1115"},{"taxonomy":"product_cat","embeddable":true,"href":"https:\/\/shinemusicrental.com\/ca\/wp-json\/wp\/v2\/product_cat?post=1115"},{"taxonomy":"product_tag","embeddable":true,"href":"https:\/\/shinemusicrental.com\/ca\/wp-json\/wp\/v2\/product_tag?post=1115"}],"curies":[{"name":"wp","href":"https:\/\/api.w.org\/{rel}","templated":true}]}}