{"id":1105,"date":"2022-10-20T11:52:57","date_gmt":"2022-10-20T09:52:57","guid":{"rendered":"http:\/\/www.shinemusicrental.com\/product\/aacordioo-delicia-choral-xiii\/"},"modified":"2024-04-08T17:13:29","modified_gmt":"2024-04-08T15:13:29","slug":"aacordioo-delicia-choral-xiii","status":"publish","type":"product","link":"https:\/\/shinemusicrental.com\/ca\/product\/aacordioo-delicia-choral-xiii\/","title":{"rendered":"Acordi\u00f3 Delicia Choral XIII"},"content":{"rendered":"<p>L&#8217;acordi\u00f3 Delicia Choral XIII \u00e9s un instrument musical d&#8217;alta qualitat adequat tant per a principiants com per a m\u00fasics experimentats. La seva construcci\u00f3 s\u00f2lida i la seva artesania refinada el converteixen en una opci\u00f3 fiable i duradora.<\/p>\n<p>El Choral XIII compta amb un teclat d&#8217;aguts de 34 botons i 96 botons de baixos, el que ofereix una \u00e0mplia gamma de notes i acords per a tocar. Les lleng\u00fcetes estan fetes d&#8217;acer d&#8217;alta qualitat, el que garanteix un so clar i potent.<\/p>\n<p>Llogar un acordi\u00f3 com el Delicia Choral XIII \u00e9s una excel\u00b7lent manera d&#8217;experimentar el so i la sensaci\u00f3 \u00fanics d&#8217;aquest instrument sense comprometre&#8217;s a comprar-lo. Tamb\u00e9 \u00e9s una opci\u00f3 ideal per a estudiants que necessiten un acordi\u00f3 per un per\u00edode curt o per a aquells que volen provar diferents models d&#8217;acordi\u00f3 abans de prendre una decisi\u00f3 final.<\/p>\n<p>Tocar l&#8217;acordi\u00f3 Choral XIII \u00e9s com explorar un nou m\u00f3n de possibilitats musicals. El seu so \u00e9s com una simfonia de veus que captura l&#8217;ess\u00e8ncia de les emocions de l&#8217;int\u00e8rpret i les transforma en una bella melodia.<\/p>\n<div id=\"gtx-trans\" style=\"position: absolute; left: -61px; top: -0.666666px;\">\n<div class=\"gtx-trans-icon\"><\/div>\n<\/div>\n","protected":false},"excerpt":{"rendered":"<p><strong>Dip\u00f2sit: \u20ac220<\/strong><\/p>\n<div id=\"gtx-trans\" style=\"position: absolute; left: -70px; top: 38.2461px;\">\n<div class=\"gtx-trans-icon\"><\/div>\n<\/div>\n","protected":false},"featured_media":1102,"comment_status":"open","ping_status":"closed","template":"","meta":{"_acf_changed":false,"content-type":""},"product_brand":[],"product_cat":[132,210],"product_tag":[811,812,562,663,462,590,561,464,490,592,558,478,479,488,482,484,486],"class_list":{"0":"post-1105","1":"product","2":"type-product","3":"status-publish","4":"has-post-thumbnail","6":"product_cat-instruments-de-teclat","7":"product_cat-acordions","8":"product_tag-acordio","9":"product_tag-acordio-de-lloguer","10":"product_tag-instruments-de-contractacio","11":"product_tag-llogar-piano-digital","12":"product_tag-lloguer-dinstruments","13":"product_tag-lloguer-dinstruments-ca-2","14":"product_tag-lloguer-dinstruments-ca","15":"product_tag-lloguer-dinstruments-barcelona","16":"product_tag-lloguer-dinstruments-barcelona-ca","17":"product_tag-lloguer-dinstruments-espanya-ca","18":"product_tag-lloguer-dinstruments-espanya","19":"product_tag-piano-ca","20":"product_tag-piano-es-ca","21":"product_tag-piano-espanya","22":"product_tag-pianos-ca","23":"product_tag-pianos-barcelona-ca","24":"product_tag-pianos-de-lloguer","26":"first","27":"instock","28":"sold-individually","29":"shipping-taxable","30":"purchasable","31":"product-type-booking"},"booking_location":"","booking_location_type":"","booking_duration":1,"booking_duration_unit":"day","booking_buffer":0,"booking_cost":0,"booking_resources":[],"exclude_global_add_ons":false,"addons":[{"name":"Dip\u00f2sit","type":"checkbox","position":0,"required":false,"title_format":"hide","default":"","description_enable":false,"description":"","placeholder_enable":false,"placeholder":"","display":"select","restrictions_type":"any_text","adjust_price":false,"price":"","price_type":"flat_fee","restrictions":false,"min":"0","max":"0","options":[{"label":"Dip\u00f2sit","price":"220","price_type":"flat_fee","image":0,"visibility":true}]}],"acf":{"set_to_be_sold":false,"sale_description":"","sale_price":""},"_links":{"self":[{"href":"https:\/\/shinemusicrental.com\/ca\/wp-json\/wp\/v2\/product\/1105","targetHints":{"allow":["GET"]}}],"collection":[{"href":"https:\/\/shinemusicrental.com\/ca\/wp-json\/wp\/v2\/product"}],"about":[{"href":"https:\/\/shinemusicrental.com\/ca\/wp-json\/wp\/v2\/types\/product"}],"replies":[{"embeddable":true,"href":"https:\/\/shinemusicrental.com\/ca\/wp-json\/wp\/v2\/comments?post=1105"}],"wp:featuredmedia":[{"embeddable":true,"href":"https:\/\/shinemusicrental.com\/ca\/wp-json\/wp\/v2\/media\/1102"}],"wp:attachment":[{"href":"https:\/\/shinemusicrental.com\/ca\/wp-json\/wp\/v2\/media?parent=1105"}],"wp:term":[{"taxonomy":"product_brand","embeddable":true,"href":"https:\/\/shinemusicrental.com\/ca\/wp-json\/wp\/v2\/product_brand?post=1105"},{"taxonomy":"product_cat","embeddable":true,"href":"https:\/\/shinemusicrental.com\/ca\/wp-json\/wp\/v2\/product_cat?post=1105"},{"taxonomy":"product_tag","embeddable":true,"href":"https:\/\/shinemusicrental.com\/ca\/wp-json\/wp\/v2\/product_tag?post=1105"}],"curies":[{"name":"wp","href":"https:\/\/api.w.org\/{rel}","templated":true}]}}