{"id":1099,"date":"2022-10-20T11:37:29","date_gmt":"2022-10-20T09:37:29","guid":{"rendered":"http:\/\/www.shinemusicrental.com\/product\/admira-paloma-guitarra-3-4\/"},"modified":"2023-03-09T15:06:12","modified_gmt":"2023-03-09T14:06:12","slug":"admira-paloma-guitarra-3-4","status":"publish","type":"product","link":"https:\/\/shinemusicrental.com\/ca\/product\/admira-paloma-guitarra-3-4\/","title":{"rendered":"Admira Paloma Guitarra 3\/4"},"content":{"rendered":"<p>La guitarra Admira Paloma 3\/4 \u00e9s una excel\u00b7lent opci\u00f3 per a joves i principiants guitarristes. La seva mida m\u00e9s petita i el seu perfil de coll c\u00f2mode fan que sigui f\u00e0cil per als nens manejar-la i tocar-la. La Paloma t\u00e9 una tapa d&#8217;abet i una part posterior i llaterals de moguda, la qual cosa proporciona un so c\u00e0lid i equilibrat.<\/p>\n<p>Aquesta guitarra presenta una longitud d&#8217;escala 3\/4, el que la fa m\u00e9s compacta que una guitarra de mida completa, per\u00f2 segueix oferint una excel\u00b7lent capacitat de joc. El pont i el diapas\u00f3 estan fets de palissandre, la qual cosa garanteix una sensaci\u00f3 suau i sensible.<\/p>\n<p>Llogar una guitarra per a nens com la Admira Paloma \u00e9s una soluci\u00f3 pr\u00e0ctica per als pares que volen fomentar el desenvolupament musical dels seus fills sense invertir en un instrument que puguin superar r\u00e0pidament.<\/p>\n<p>Tocar la guitarra Paloma \u00e9s com tenir un company musical que inspira als joves m\u00fasics a explorar la seva creativitat i perfeccionar les seves habilitats. El seu so \u00e9s com una brisa suau que porta els somnis del m\u00fasic en herba a noves altures.<\/p>\n<div id=\"gtx-trans\" style=\"position: absolute; left: -63px; top: -0.666666px;\">\n<div class=\"gtx-trans-icon\"><\/div>\n<\/div>\n","protected":false},"excerpt":{"rendered":"<p><strong>Dip\u00f2sit: \u20ac50<\/strong><\/p>\n<div id=\"gtx-trans\" style=\"position: absolute; left: -15px; top: -10.7539px;\">\n<div class=\"gtx-trans-icon\"><\/div>\n<\/div>\n","protected":false},"featured_media":1095,"comment_status":"open","ping_status":"closed","template":"","meta":{"_acf_changed":false,"content-type":""},"product_brand":[],"product_cat":[176,192,190],"product_tag":[568,570,572,564,614,460,566,562,561,462,590,464,490,592,558],"class_list":{"0":"post-1099","1":"product","2":"type-product","3":"status-publish","4":"has-post-thumbnail","6":"product_cat-guitarres-i-baixos","7":"product_cat-guitarres-classiques","8":"product_cat-guitarra-per-nens","9":"product_tag-guitarra-ca","10":"product_tag-guitarra-barcelona-ca","11":"product_tag-guitarra-de-lloguer","12":"product_tag-guitarra-espanya","13":"product_tag-guitarra-infantil","14":"product_tag-guitarres","15":"product_tag-guitarres-espanya","16":"product_tag-instruments-de-contractacio","17":"product_tag-lloguer-dinstruments-ca","18":"product_tag-lloguer-dinstruments","19":"product_tag-lloguer-dinstruments-ca-2","20":"product_tag-lloguer-dinstruments-barcelona","21":"product_tag-lloguer-dinstruments-barcelona-ca","22":"product_tag-lloguer-dinstruments-espanya-ca","23":"product_tag-lloguer-dinstruments-espanya","25":"first","26":"instock","27":"sold-individually","28":"shipping-taxable","29":"purchasable","30":"product-type-booking"},"booking_location":"","booking_location_type":"","booking_duration":1,"booking_duration_unit":"day","booking_buffer":0,"booking_cost":0,"booking_resources":[],"exclude_global_add_ons":false,"addons":[{"name":"Dip\u00f2sit","type":"checkbox","position":0,"required":false,"title_format":"hide","default":"","description_enable":false,"description":"","placeholder_enable":false,"placeholder":"","display":"select","restrictions_type":"any_text","adjust_price":false,"price":"","price_type":"flat_fee","restrictions":false,"min":"0","max":"0","options":[{"label":"Dip\u00f2sit","price":"50","price_type":"flat_fee","image":0,"visibility":true}]},{"name":"Guitarres Cl\u00e0ssiques","type":"checkbox","position":0,"required":false,"title_format":"label","default":"","description_enable":false,"description":"","placeholder_enable":false,"placeholder":"","display":"select","restrictions_type":"any_text","adjust_price":false,"price":"","price_type":"flat_fee","restrictions":false,"min":"0","max":"0","options":[{"label":"Afinador","price":"5.00","price_type":"quantity_based","image":0,"visibility":true},{"label":"Recolzapeus per a Guitarra de Qualitat","price":"9.00","price_type":"quantity_based","image":0,"visibility":true},{"label":"Recolzapeus per a Guitarra Est\u00e0ndard","price":"5.00","price_type":"quantity_based","image":0,"visibility":true},{"label":"Faristol de Qualitat","price":"9.00","price_type":"quantity_based","image":0,"visibility":true},{"label":"Faristol","price":"5.00","price_type":"quantity_based","image":0,"visibility":true},{"label":"Capo - Guitarra Cl\u00e0ssica","price":"5.00","price_type":"quantity_based","image":0,"visibility":true},{"label":"Pua de Qualitat","price":"2.00","price_type":"quantity_based","image":0,"visibility":true},{"label":"Pua Est\u00e0ndard","price":"1.00","price_type":"quantity_based","image":0,"visibility":true}]}],"acf":{"set_to_be_sold":false,"sale_description":"","sale_price":""},"_links":{"self":[{"href":"https:\/\/shinemusicrental.com\/ca\/wp-json\/wp\/v2\/product\/1099","targetHints":{"allow":["GET"]}}],"collection":[{"href":"https:\/\/shinemusicrental.com\/ca\/wp-json\/wp\/v2\/product"}],"about":[{"href":"https:\/\/shinemusicrental.com\/ca\/wp-json\/wp\/v2\/types\/product"}],"replies":[{"embeddable":true,"href":"https:\/\/shinemusicrental.com\/ca\/wp-json\/wp\/v2\/comments?post=1099"}],"wp:featuredmedia":[{"embeddable":true,"href":"https:\/\/shinemusicrental.com\/ca\/wp-json\/wp\/v2\/media\/1095"}],"wp:attachment":[{"href":"https:\/\/shinemusicrental.com\/ca\/wp-json\/wp\/v2\/media?parent=1099"}],"wp:term":[{"taxonomy":"product_brand","embeddable":true,"href":"https:\/\/shinemusicrental.com\/ca\/wp-json\/wp\/v2\/product_brand?post=1099"},{"taxonomy":"product_cat","embeddable":true,"href":"https:\/\/shinemusicrental.com\/ca\/wp-json\/wp\/v2\/product_cat?post=1099"},{"taxonomy":"product_tag","embeddable":true,"href":"https:\/\/shinemusicrental.com\/ca\/wp-json\/wp\/v2\/product_tag?post=1099"}],"curies":[{"name":"wp","href":"https:\/\/api.w.org\/{rel}","templated":true}]}}