{"id":10908,"date":"2022-12-16T16:26:39","date_gmt":"2022-12-16T14:26:39","guid":{"rendered":"http:\/\/www.shinemusicrental.com\/product\/estruch-spanish-guitar\/"},"modified":"2024-04-08T13:40:37","modified_gmt":"2024-04-08T11:40:37","slug":"guitarra-espanyola-estruch","status":"publish","type":"product","link":"https:\/\/shinemusicrental.com\/ca\/product\/guitarra-espanyola-estruch\/","title":{"rendered":"Guitarra Espanyola Estruch"},"content":{"rendered":"<p>Aquesta guitarra espanyola d\u2019\u00e8poca, de la famosa fam\u00edlia Estruch, fabricants de guitarres de Barcelona, \u00e9s una bella antiguitat constru\u00efda amb cedre, avet i ban\u00fas. Presenta una plantilla lleugerament m\u00e9s prima que una guitarra moderna, produint un so agut sec, perfecte per a la m\u00fasica tradicional flamenca. No hi ha m\u00e9s guitarra flamenca espanyola aut\u00e8ntica que es pugui trobar, molt menys llogada. Llogui aquesta guitarra o semblant a la nostra tarifa molt competitiva.<\/p>\n<p>Instrument Rental Barcelona \u00e9s part de la xarxa d\u2019escoles de Shine School of Music. Oferim una \u00e0mplia gamma de lli\u00e7ons de m\u00fasica, llocs per a la celebraci\u00f3 d\u2019esdeveniments, espais per practicar m\u00fasica i espais addicionals de treball conjunt.<\/p>\n","protected":false},"excerpt":{"rendered":"<p><strong>Dip\u00f2sit: \u20ac60<\/strong><\/p>\n<p>Aquesta guitarra espanyola d\u2019\u00e8poca, de la famosa fam\u00edlia Estruch, fabricants de guitarres de Barcelona, \u00e9s una bella antiguitat constru\u00efda amb cedre, avet i ban\u00fas.<\/p>\n","protected":false},"featured_media":10900,"comment_status":"open","ping_status":"closed","template":"","meta":{"_acf_changed":false,"content-type":""},"product_brand":[],"product_cat":[176,192,206],"product_tag":[1098,568,570,572,564,460,566,562,561,462,590,464,490,592,558,630],"class_list":{"0":"post-10908","1":"product","2":"type-product","3":"status-publish","4":"has-post-thumbnail","6":"product_cat-guitarres-i-baixos","7":"product_cat-guitarres-classiques","8":"product_cat-guitarres-espanyoles","9":"product_tag-estruch-ca","10":"product_tag-guitarra-ca","11":"product_tag-guitarra-barcelona-ca","12":"product_tag-guitarra-de-lloguer","13":"product_tag-guitarra-espanya","14":"product_tag-guitarres","15":"product_tag-guitarres-espanya","16":"product_tag-instruments-de-contractacio","17":"product_tag-lloguer-dinstruments-ca","18":"product_tag-lloguer-dinstruments","19":"product_tag-lloguer-dinstruments-ca-2","20":"product_tag-lloguer-dinstruments-barcelona","21":"product_tag-lloguer-dinstruments-barcelona-ca","22":"product_tag-lloguer-dinstruments-espanya-ca","23":"product_tag-lloguer-dinstruments-espanya","24":"product_tag-spanish-guitar-ca","26":"first","27":"instock","28":"sold-individually","29":"shipping-taxable","30":"purchasable","31":"product-type-booking"},"booking_location":"","booking_location_type":"","booking_duration":1,"booking_duration_unit":"day","booking_buffer":0,"booking_cost":0,"booking_resources":[],"exclude_global_add_ons":false,"addons":[{"name":"Deposit","type":"checkbox","position":0,"required":false,"title_format":"hide","default":"","description_enable":false,"description":"","placeholder_enable":false,"placeholder":"","display":"select","restrictions_type":"any_text","adjust_price":false,"price":"","price_type":"flat_fee","restrictions":false,"min":"0","max":"0","options":[{"label":"Deposit","price":"60","price_type":"flat_fee","image":0,"visibility":true}]},{"name":"Guitarres Cl\u00e0ssiques","type":"checkbox","position":0,"required":false,"title_format":"label","default":"","description_enable":false,"description":"","placeholder_enable":false,"placeholder":"","display":"select","restrictions_type":"any_text","adjust_price":false,"price":"","price_type":"flat_fee","restrictions":false,"min":"0","max":"0","options":[{"label":"Afinador","price":"5.00","price_type":"quantity_based","image":0,"visibility":true},{"label":"Recolzapeus per a Guitarra de Qualitat","price":"9.00","price_type":"quantity_based","image":0,"visibility":true},{"label":"Recolzapeus per a Guitarra Est\u00e0ndard","price":"5.00","price_type":"quantity_based","image":0,"visibility":true},{"label":"Faristol de Qualitat","price":"9.00","price_type":"quantity_based","image":0,"visibility":true},{"label":"Faristol","price":"5.00","price_type":"quantity_based","image":0,"visibility":true},{"label":"Capo - Guitarra Cl\u00e0ssica","price":"5.00","price_type":"quantity_based","image":0,"visibility":true},{"label":"Pua de Qualitat","price":"2.00","price_type":"quantity_based","image":0,"visibility":true},{"label":"Pua Est\u00e0ndard","price":"1.00","price_type":"quantity_based","image":0,"visibility":true}]}],"acf":{"set_to_be_sold":false,"sale_description":"","sale_price":""},"_links":{"self":[{"href":"https:\/\/shinemusicrental.com\/ca\/wp-json\/wp\/v2\/product\/10908","targetHints":{"allow":["GET"]}}],"collection":[{"href":"https:\/\/shinemusicrental.com\/ca\/wp-json\/wp\/v2\/product"}],"about":[{"href":"https:\/\/shinemusicrental.com\/ca\/wp-json\/wp\/v2\/types\/product"}],"replies":[{"embeddable":true,"href":"https:\/\/shinemusicrental.com\/ca\/wp-json\/wp\/v2\/comments?post=10908"}],"wp:featuredmedia":[{"embeddable":true,"href":"https:\/\/shinemusicrental.com\/ca\/wp-json\/wp\/v2\/media\/10900"}],"wp:attachment":[{"href":"https:\/\/shinemusicrental.com\/ca\/wp-json\/wp\/v2\/media?parent=10908"}],"wp:term":[{"taxonomy":"product_brand","embeddable":true,"href":"https:\/\/shinemusicrental.com\/ca\/wp-json\/wp\/v2\/product_brand?post=10908"},{"taxonomy":"product_cat","embeddable":true,"href":"https:\/\/shinemusicrental.com\/ca\/wp-json\/wp\/v2\/product_cat?post=10908"},{"taxonomy":"product_tag","embeddable":true,"href":"https:\/\/shinemusicrental.com\/ca\/wp-json\/wp\/v2\/product_tag?post=10908"}],"curies":[{"name":"wp","href":"https:\/\/api.w.org\/{rel}","templated":true}]}}