{"id":1075,"date":"2022-10-20T11:12:02","date_gmt":"2022-10-20T09:12:02","guid":{"rendered":"http:\/\/www.shinemusicrental.com\/product\/set-de-guitarra-electrica-fender-squier-telecaster\/"},"modified":"2024-04-08T16:49:53","modified_gmt":"2024-04-08T14:49:53","slug":"set-de-guitarra-electrica-fender-squier-telecaster","status":"publish","type":"product","link":"https:\/\/shinemusicrental.com\/ca\/product\/set-de-guitarra-electrica-fender-squier-telecaster\/","title":{"rendered":"Set de Guitarra El\u00e8ctrica Fender Squier Telecaster"},"content":{"rendered":"<p>Quan desitgi una experi\u00e8ncia de guitarra cl\u00e0ssica que es remunta als dies de la primera guitarra, llavors no busqui m\u00e9s que llogar el joc de guitarra Squier Telecaster. Aquest conjunt inclou una guitarra el\u00e8ctrica de la s\u00e8rie Squier Affinity, amb cos de vern i pal d\u2019aur\u00f3, amb escala mitj\u00e0 jumbo i 2 bobines individuals per a quan realment vols rockejar. A m\u00e9s, aquest conjunt ve complet amb el seu propi amplificador d\u2019estat s\u00f2lid de sortida de 15 watts que ofereix una qualitat de so superior per quan est\u00e0 practicant i actuant. Llogui aquest conjunt de guitarra el\u00e8ctrica o similar a la nostra molt competitiva tarifa.<\/p>\n<p>Instrument Rental Barcelona \u00e9s part de la xarxa d\u2019escoles de Shine School of Music. Oferim una \u00e0mplia gamma de lli\u00e7ons de m\u00fasica, llocs per a la celebraci\u00f3 d\u2019esdeveniments, espais per practicar m\u00fasica i espais addicionals de treball conjunt.<\/p>\n","protected":false},"excerpt":{"rendered":"<p><strong>Dip\u00f2sit: \u20ac140<\/strong><\/p>\n<p>Quan desitgi una experi\u00e8ncia de guitarra cl\u00e0ssica que es remunta als dies de la primera guitarra, llavors no busqui m\u00e9s que llogar el joc de guitarra Squier Telecaster.<\/p>\n<div id=\"gtx-trans\" style=\"position: absolute; left: 60px; top: 38.2461px;\">\n<div class=\"gtx-trans-icon\"><\/div>\n<\/div>\n","protected":false},"featured_media":1061,"comment_status":"open","ping_status":"closed","template":"","meta":{"_acf_changed":false,"content-type":""},"product_brand":[],"product_cat":[176,194],"product_tag":[568,570,572,564,460,566,462,561,590,464,592,558,633,806],"class_list":{"0":"post-1075","1":"product","2":"type-product","3":"status-publish","4":"has-post-thumbnail","6":"product_cat-guitarres-i-baixos","7":"product_cat-guitarres-electriques","8":"product_tag-guitarra-ca","9":"product_tag-guitarra-barcelona-ca","10":"product_tag-guitarra-de-lloguer","11":"product_tag-guitarra-espanya","12":"product_tag-guitarres","13":"product_tag-guitarres-espanya","14":"product_tag-lloguer-dinstruments","15":"product_tag-lloguer-dinstruments-ca","16":"product_tag-lloguer-dinstruments-ca-2","17":"product_tag-lloguer-dinstruments-barcelona","18":"product_tag-lloguer-dinstruments-espanya-ca","19":"product_tag-lloguer-dinstruments-espanya","20":"product_tag-renting-instruments-barcelona-share-ca","21":"product_tag-set-de-guitarra-ca","23":"first","24":"instock","25":"sold-individually","26":"shipping-taxable","27":"purchasable","28":"product-type-booking"},"booking_location":"","booking_location_type":"","booking_duration":1,"booking_duration_unit":"day","booking_buffer":0,"booking_cost":0,"booking_resources":[],"exclude_global_add_ons":false,"addons":[{"name":"Dip\u00f2sit","type":"checkbox","position":0,"required":false,"title_format":"hide","default":"","description_enable":false,"description":"","placeholder_enable":false,"placeholder":"","display":"select","restrictions_type":"any_text","adjust_price":false,"price":"","price_type":"flat_fee","restrictions":false,"min":"0","max":"0","options":[{"label":"Dip\u00f2sit","price":"140","price_type":"flat_fee","image":0,"visibility":true}]},{"name":"Guitarres El\u00e8ctriques","type":"checkbox","position":0,"required":false,"title_format":"label","default":"","description_enable":false,"description":"","placeholder_enable":false,"placeholder":"","display":"select","restrictions_type":"any_text","adjust_price":false,"price":"","price_type":"flat_fee","restrictions":false,"min":"0","max":"0","options":[{"label":"Cable d'Instrument Jack 1\/4","price":"5.00","price_type":"quantity_based","image":0,"visibility":true},{"label":"Pua de Qualitat","price":"2.00","price_type":"quantity_based","image":0,"visibility":true},{"label":"Pua Est\u00e0ndard","price":"1.00","price_type":"quantity_based","image":0,"visibility":true},{"label":"Corretja","price":"5.00","price_type":"quantity_based","image":0,"visibility":true},{"label":"Capo - Guitarra El\u00e8ctrica","price":"5.00","price_type":"quantity_based","image":0,"visibility":true},{"label":"Afinador","price":"5.00","price_type":"flat_fee","image":0,"visibility":true},{"label":"Faristol de Qualitat","price":"9.00","price_type":"quantity_based","image":0,"visibility":true},{"label":"Faristol","price":"5.00","price_type":"quantity_based","image":0,"visibility":true}]}],"acf":{"set_to_be_sold":false,"sale_description":"","sale_price":""},"_links":{"self":[{"href":"https:\/\/shinemusicrental.com\/ca\/wp-json\/wp\/v2\/product\/1075","targetHints":{"allow":["GET"]}}],"collection":[{"href":"https:\/\/shinemusicrental.com\/ca\/wp-json\/wp\/v2\/product"}],"about":[{"href":"https:\/\/shinemusicrental.com\/ca\/wp-json\/wp\/v2\/types\/product"}],"replies":[{"embeddable":true,"href":"https:\/\/shinemusicrental.com\/ca\/wp-json\/wp\/v2\/comments?post=1075"}],"wp:featuredmedia":[{"embeddable":true,"href":"https:\/\/shinemusicrental.com\/ca\/wp-json\/wp\/v2\/media\/1061"}],"wp:attachment":[{"href":"https:\/\/shinemusicrental.com\/ca\/wp-json\/wp\/v2\/media?parent=1075"}],"wp:term":[{"taxonomy":"product_brand","embeddable":true,"href":"https:\/\/shinemusicrental.com\/ca\/wp-json\/wp\/v2\/product_brand?post=1075"},{"taxonomy":"product_cat","embeddable":true,"href":"https:\/\/shinemusicrental.com\/ca\/wp-json\/wp\/v2\/product_cat?post=1075"},{"taxonomy":"product_tag","embeddable":true,"href":"https:\/\/shinemusicrental.com\/ca\/wp-json\/wp\/v2\/product_tag?post=1075"}],"curies":[{"name":"wp","href":"https:\/\/api.w.org\/{rel}","templated":true}]}}