{"id":1059,"date":"2022-10-20T11:03:10","date_gmt":"2022-10-20T09:03:10","guid":{"rendered":"http:\/\/www.shinemusicrental.com\/product\/set-de-baix-electric-squier-precision-affinity-series-de-fender\/"},"modified":"2024-04-08T16:47:39","modified_gmt":"2024-04-08T14:47:39","slug":"set-de-baix-electric-squier-precision-affinity-series-de-fender","status":"publish","type":"product","link":"https:\/\/shinemusicrental.com\/ca\/product\/set-de-baix-electric-squier-precision-affinity-series-de-fender\/","title":{"rendered":"Set de Baix El\u00e8ctric Squier Precision Affinity Series de Fender"},"content":{"rendered":"<p>Per l\u2019experi\u00e8ncia completa d\u2019un lloguer de baix, consideri el baix de Squier Precision Affinity Series. Amb un to cl\u00e0ssic i una sensaci\u00f3 c\u00f2moda, aquest baix t\u00e9 cos de vern, pal d\u2019aur\u00f3 i diapas\u00f3 de palissandre. La seva pastilla de pont de Jazz d\u2019una bobina i pastilla \u201cPrecision Bass\u201d d\u2019una sola bobina compten amb els seus propis controls de volum \u00fanics que, combinats amb l\u2019amplificador de baix de 15 watts incl\u00f2s, li permeten un nivell de control diferent a qualsevol pr\u00e0ctica o experi\u00e8ncia d\u2019acompliment que desitgi. Llogui aquest conjunt de baix o similar a la nostra molt competitiva tarifa.<\/p>\n<p>Instrument Rental Barcelona \u00e9s part de la xarxa d\u2019escoles de Shine School of Music. Oferim una \u00e0mplia gamma de lli\u00e7ons de m\u00fasica, llocs per a la celebraci\u00f3 d\u2019esdeveniments, espais per practicar m\u00fasica i espais addicionals de treball conjunt.<\/p>\n","protected":false},"excerpt":{"rendered":"<p><strong>Dip\u00f2sit: \u20ac140<\/strong><\/p>\n<p>Per l\u2019experi\u00e8ncia completa d\u2019un lloguer de baix, consideri el baix de Squier Precision Affinity Series.<\/p>\n<div id=\"gtx-trans\" style=\"position: absolute; left: 58px; top: 38.2461px;\">\n<div class=\"gtx-trans-icon\"><\/div>\n<\/div>\n","protected":false},"featured_media":1049,"comment_status":"open","ping_status":"closed","template":"","meta":{"_acf_changed":false,"content-type":""},"product_brand":[],"product_cat":[176,186],"product_tag":[528,532,454,456,530,562,462,561,590,464,592,558,633],"class_list":{"0":"post-1059","1":"product","2":"type-product","3":"status-publish","4":"has-post-thumbnail","6":"product_cat-guitarres-i-baixos","7":"product_cat-baixos-electrics","8":"product_tag-baixos-barcelona","9":"product_tag-baixos-de-lloguer","10":"product_tag-baixos-electrics","11":"product_tag-baixos-electrics-es","12":"product_tag-baixos-espanya","13":"product_tag-instruments-de-contractacio","14":"product_tag-lloguer-dinstruments","15":"product_tag-lloguer-dinstruments-ca","16":"product_tag-lloguer-dinstruments-ca-2","17":"product_tag-lloguer-dinstruments-barcelona","18":"product_tag-lloguer-dinstruments-espanya-ca","19":"product_tag-lloguer-dinstruments-espanya","20":"product_tag-renting-instruments-barcelona-share-ca","22":"first","23":"instock","24":"sold-individually","25":"shipping-taxable","26":"purchasable","27":"product-type-booking"},"booking_location":"","booking_location_type":"","booking_duration":1,"booking_duration_unit":"day","booking_buffer":0,"booking_cost":0,"booking_resources":[],"exclude_global_add_ons":false,"addons":[{"name":"Dip\u00f2sit","type":"checkbox","position":0,"required":false,"title_format":"hide","default":"","description_enable":false,"description":"","placeholder_enable":false,"placeholder":"","display":"select","restrictions_type":"any_text","adjust_price":false,"price":"","price_type":"flat_fee","restrictions":false,"min":"0","max":"0","options":[{"label":"Dip\u00f2sit","price":"140","price_type":"flat_fee","image":0,"visibility":true}]}],"acf":{"set_to_be_sold":false,"sale_description":"","sale_price":""},"_links":{"self":[{"href":"https:\/\/shinemusicrental.com\/ca\/wp-json\/wp\/v2\/product\/1059","targetHints":{"allow":["GET"]}}],"collection":[{"href":"https:\/\/shinemusicrental.com\/ca\/wp-json\/wp\/v2\/product"}],"about":[{"href":"https:\/\/shinemusicrental.com\/ca\/wp-json\/wp\/v2\/types\/product"}],"replies":[{"embeddable":true,"href":"https:\/\/shinemusicrental.com\/ca\/wp-json\/wp\/v2\/comments?post=1059"}],"wp:featuredmedia":[{"embeddable":true,"href":"https:\/\/shinemusicrental.com\/ca\/wp-json\/wp\/v2\/media\/1049"}],"wp:attachment":[{"href":"https:\/\/shinemusicrental.com\/ca\/wp-json\/wp\/v2\/media?parent=1059"}],"wp:term":[{"taxonomy":"product_brand","embeddable":true,"href":"https:\/\/shinemusicrental.com\/ca\/wp-json\/wp\/v2\/product_brand?post=1059"},{"taxonomy":"product_cat","embeddable":true,"href":"https:\/\/shinemusicrental.com\/ca\/wp-json\/wp\/v2\/product_cat?post=1059"},{"taxonomy":"product_tag","embeddable":true,"href":"https:\/\/shinemusicrental.com\/ca\/wp-json\/wp\/v2\/product_tag?post=1059"}],"curies":[{"name":"wp","href":"https:\/\/api.w.org\/{rel}","templated":true}]}}