{"id":1034,"date":"2022-10-20T10:43:33","date_gmt":"2022-10-20T08:43:33","guid":{"rendered":"http:\/\/www.shinemusicrental.com\/product\/suport-daltaveu-gorilla\/"},"modified":"2022-10-20T10:43:33","modified_gmt":"2022-10-20T08:43:33","slug":"suport-daltaveu-gorilla","status":"publish","type":"product","link":"https:\/\/shinemusicrental.com\/ca\/product\/suport-daltaveu-gorilla\/","title":{"rendered":"Suport d\u2019Altaveu Gorilla"},"content":{"rendered":"<p>Aquest tr\u00edpode d\u2019altaveu combina la resist\u00e8ncia d\u2019acer amb la portabilitat compacta, per satisfer les necessitats de qualsevol m\u00fasic en moviment. Els pals de 35 mm de di\u00e0metre amb connectors superiors coincidiran i s\u2019admetran gaireb\u00e9 totes les marques d\u2019altaveus de fins a 30 kg de pes. Cada suport es pot configurar en q\u00fcesti\u00f3 de segons, sense eines addicionals o accessoris, i es pot ajustar de forma individual a l\u2019al\u00e7ada perfecta per al lloc en q\u00fcesti\u00f3. Quan no est\u00e0 en \u00fas, el parlant Gorilla es plega f\u00e0cilment en el seu resistent estoig de transport, amb una longitud de tan sols 95.5 cm, per guardar-se f\u00e0cilment en un armari d\u2019estudi o a la camioneta de la teva gira. Llogui aquest kit de suport d\u2019altaveu o similar a la nostra tarifa molt competitiva.<\/p>\n<p>Instrument Rental Barcelona \u00e9s part de la xarxa d\u2019escoles de Shine School of Music. Oferim una \u00e0mplia gamma de lli\u00e7ons de m\u00fasica, llocs per a la celebraci\u00f3 d\u2019esdeveniments, espais per practicar m\u00fasica i espais addicionals de treball conjunt.<\/p>\n<div id=\"gtx-trans\" style=\"position: absolute; left: 86px; top: 37.2148px;\">\n<div class=\"gtx-trans-icon\"><\/div>\n<\/div>\n<div id=\"gtx-trans\" style=\"position: absolute; left: 86px; top: 37.2148px;\">\n<div class=\"gtx-trans-icon\"><\/div>\n<\/div>\n","protected":false},"excerpt":{"rendered":"<p><strong>Dip\u00f2sit: \u20ac10<\/strong><\/p>\n<p>Aquest tr\u00edpode d\u2019altaveu combina la resist\u00e8ncia d\u2019acer amb la portabilitat compacta, per satisfer les necessitats de qualsevol m\u00fasic en moviment.<\/p>\n<div id=\"gtx-trans\" style=\"position: absolute; left: -14px; top: -10.7539px;\">\n<div class=\"gtx-trans-icon\"><\/div>\n<\/div>\n","protected":false},"featured_media":1025,"comment_status":"open","ping_status":"closed","template":"","meta":{"_acf_changed":false,"content-type":""},"product_brand":[],"product_cat":[330,349],"product_tag":[506,508,512,510,514,504,562,462,590,561,464,490,592,558,803],"class_list":{"0":"post-1034","1":"product","2":"type-product","3":"status-publish","4":"has-post-thumbnail","6":"product_cat-estudi","7":"product_cat-soports-i-accesoris","8":"product_tag-equip-destudi","9":"product_tag-equip-destudi-barcelona","10":"product_tag-equip-destudi-de-lloguer","11":"product_tag-equip-destudi-es","12":"product_tag-equip-destudi-espanya","13":"product_tag-estudi","14":"product_tag-instruments-de-contractacio","15":"product_tag-lloguer-dinstruments","16":"product_tag-lloguer-dinstruments-ca-2","17":"product_tag-lloguer-dinstruments-ca","18":"product_tag-lloguer-dinstruments-barcelona","19":"product_tag-lloguer-dinstruments-barcelona-ca","20":"product_tag-lloguer-dinstruments-espanya-ca","21":"product_tag-lloguer-dinstruments-espanya","22":"product_tag-suports","24":"first","25":"instock","26":"sold-individually","27":"shipping-taxable","28":"purchasable","29":"product-type-booking"},"booking_location":"","booking_location_type":"","booking_duration":1,"booking_duration_unit":"day","booking_buffer":0,"booking_cost":0,"booking_resources":[],"exclude_global_add_ons":false,"addons":[{"name":"Dip\u00f2sit","type":"checkbox","position":0,"required":false,"title_format":"hide","default":"","description_enable":false,"description":"","placeholder_enable":false,"placeholder":"","display":"select","restrictions_type":"any_text","adjust_price":false,"price":"","price_type":"flat_fee","restrictions":false,"min":"0","max":"0","options":[{"label":"Dip\u00f2sit","price":"10","price_type":"flat_fee","image":0,"visibility":true}]}],"acf":{"set_to_be_sold":false,"sale_description":"","sale_price":""},"_links":{"self":[{"href":"https:\/\/shinemusicrental.com\/ca\/wp-json\/wp\/v2\/product\/1034","targetHints":{"allow":["GET"]}}],"collection":[{"href":"https:\/\/shinemusicrental.com\/ca\/wp-json\/wp\/v2\/product"}],"about":[{"href":"https:\/\/shinemusicrental.com\/ca\/wp-json\/wp\/v2\/types\/product"}],"replies":[{"embeddable":true,"href":"https:\/\/shinemusicrental.com\/ca\/wp-json\/wp\/v2\/comments?post=1034"}],"wp:featuredmedia":[{"embeddable":true,"href":"https:\/\/shinemusicrental.com\/ca\/wp-json\/wp\/v2\/media\/1025"}],"wp:attachment":[{"href":"https:\/\/shinemusicrental.com\/ca\/wp-json\/wp\/v2\/media?parent=1034"}],"wp:term":[{"taxonomy":"product_brand","embeddable":true,"href":"https:\/\/shinemusicrental.com\/ca\/wp-json\/wp\/v2\/product_brand?post=1034"},{"taxonomy":"product_cat","embeddable":true,"href":"https:\/\/shinemusicrental.com\/ca\/wp-json\/wp\/v2\/product_cat?post=1034"},{"taxonomy":"product_tag","embeddable":true,"href":"https:\/\/shinemusicrental.com\/ca\/wp-json\/wp\/v2\/product_tag?post=1034"}],"curies":[{"name":"wp","href":"https:\/\/api.w.org\/{rel}","templated":true}]}}