{"id":1022,"date":"2022-10-20T10:33:55","date_gmt":"2022-10-20T08:33:55","guid":{"rendered":"http:\/\/www.shinemusicrental.com\/product\/cable-de-microfon-economic\/"},"modified":"2022-10-20T10:33:55","modified_gmt":"2022-10-20T08:33:55","slug":"cable-de-microfon-economic","status":"publish","type":"product","link":"https:\/\/shinemusicrental.com\/ca\/product\/cable-de-microfon-economic\/","title":{"rendered":"Cable de Micr\u00f2fon Econ\u00f2mic"},"content":{"rendered":"<p>Aquests cables fan amb gr\u00e0cia el mateix treball dels competidors diverses vegades el seu preu, que es connecta universalment a gaireb\u00e9 qualsevol micr\u00f2fon i mesclador, el que facilita i permet la configuraci\u00f3 de qualsevol cosa, des d\u2019una barbacoa al pati fins a un esdeveniment a gran escala. La resistent coberta del cable \u00e9s prou resistent com per resistir l\u2019\u00fas a l\u2019exterior i eliminar les interfer\u00e8ncies de soroll, produint nom\u00e9s un so n\u00edtid i clar. Treballes dur per crear la millor m\u00fasica. Aquests cables asseguren que els seus esfor\u00e7os no es perdin entre vost\u00e8 i el seu altaveu. Llogui aquest cable per micr\u00f2fon o similar a la nostra molt competitiva tarifa.<\/p>\n<p>Instrument Rental Barcelona \u00e9s part de la xarxa d\u2019escoles de Shine School of Music. Oferim una \u00e0mplia gamma de lli\u00e7ons de m\u00fasica, llocs per a la celebraci\u00f3 d\u2019esdeveniments, espais per practicar m\u00fasica i espais addicionals de treball conjunt.<\/p>\n","protected":false},"excerpt":{"rendered":"<p class=\"price\">From:\u00a0<span class=\"woocommerce-Price-amount amount\"><bdi><span class=\"woocommerce-Price-currencySymbol\">\u20ac<\/span>5,00<\/bdi><\/span><\/p>\n<div class=\"woocommerce-product-details__short-description\">\n<p>Aquests cables fan amb gr\u00e0cia el mateix treball dels competidors diverses vegades el seu preu, que es connecta universalment a gaireb\u00e9 qualsevol micr\u00f2fon i mesclador, el que facilita i permet la configuraci\u00f3 de qualsevol cosa, des d\u2019una barbacoa al pati fins a un esdeveniment a gran escala.<\/p>\n<\/div>\n","protected":false},"featured_media":1016,"comment_status":"open","ping_status":"closed","template":"","meta":{"_acf_changed":false,"content-type":""},"product_brand":[],"product_cat":[330,334],"product_tag":[506,508,512,510,514,504,562,462,590,561,464,490,592,558],"class_list":{"0":"post-1022","1":"product","2":"type-product","3":"status-publish","4":"has-post-thumbnail","6":"product_cat-estudi","7":"product_cat-cables-i-adaptadors","8":"product_tag-equip-destudi","9":"product_tag-equip-destudi-barcelona","10":"product_tag-equip-destudi-de-lloguer","11":"product_tag-equip-destudi-es","12":"product_tag-equip-destudi-espanya","13":"product_tag-estudi","14":"product_tag-instruments-de-contractacio","15":"product_tag-lloguer-dinstruments","16":"product_tag-lloguer-dinstruments-ca-2","17":"product_tag-lloguer-dinstruments-ca","18":"product_tag-lloguer-dinstruments-barcelona","19":"product_tag-lloguer-dinstruments-barcelona-ca","20":"product_tag-lloguer-dinstruments-espanya-ca","21":"product_tag-lloguer-dinstruments-espanya","23":"first","24":"instock","25":"sold-individually","26":"shipping-taxable","27":"purchasable","28":"product-type-booking"},"booking_location":"","booking_location_type":"","booking_duration":1,"booking_duration_unit":"day","booking_buffer":0,"booking_cost":0,"booking_resources":[],"exclude_global_add_ons":false,"addons":[{"name":"Dip\u00f2sit","type":"checkbox","position":0,"required":false,"title_format":"hide","default":"","description_enable":false,"description":"","placeholder_enable":false,"placeholder":"","display":"select","restrictions_type":"any_text","adjust_price":false,"price":"","price_type":"flat_fee","restrictions":false,"min":"0","max":"0","options":[{"label":"Dip\u00f2sit","price":"","price_type":"flat_fee","image":0,"visibility":true}]}],"acf":{"set_to_be_sold":false,"sale_description":"","sale_price":""},"_links":{"self":[{"href":"https:\/\/shinemusicrental.com\/ca\/wp-json\/wp\/v2\/product\/1022","targetHints":{"allow":["GET"]}}],"collection":[{"href":"https:\/\/shinemusicrental.com\/ca\/wp-json\/wp\/v2\/product"}],"about":[{"href":"https:\/\/shinemusicrental.com\/ca\/wp-json\/wp\/v2\/types\/product"}],"replies":[{"embeddable":true,"href":"https:\/\/shinemusicrental.com\/ca\/wp-json\/wp\/v2\/comments?post=1022"}],"wp:featuredmedia":[{"embeddable":true,"href":"https:\/\/shinemusicrental.com\/ca\/wp-json\/wp\/v2\/media\/1016"}],"wp:attachment":[{"href":"https:\/\/shinemusicrental.com\/ca\/wp-json\/wp\/v2\/media?parent=1022"}],"wp:term":[{"taxonomy":"product_brand","embeddable":true,"href":"https:\/\/shinemusicrental.com\/ca\/wp-json\/wp\/v2\/product_brand?post=1022"},{"taxonomy":"product_cat","embeddable":true,"href":"https:\/\/shinemusicrental.com\/ca\/wp-json\/wp\/v2\/product_cat?post=1022"},{"taxonomy":"product_tag","embeddable":true,"href":"https:\/\/shinemusicrental.com\/ca\/wp-json\/wp\/v2\/product_tag?post=1022"}],"curies":[{"name":"wp","href":"https:\/\/api.w.org\/{rel}","templated":true}]}}