{"id":1014,"date":"2022-10-20T10:31:20","date_gmt":"2022-10-20T08:31:20","guid":{"rendered":"http:\/\/www.shinemusicrental.com\/product\/set-de-bateria-acustica-tribal\/"},"modified":"2024-04-12T17:42:19","modified_gmt":"2024-04-12T15:42:19","slug":"set-de-bateria-acustica-tribal","status":"publish","type":"product","link":"https:\/\/shinemusicrental.com\/ca\/product\/set-de-bateria-acustica-tribal\/","title":{"rendered":"Set de Bateria Ac\u00fastica Tribal"},"content":{"rendered":"<p>Aquest kit de bateria ac\u00fastica interm\u00e8dia compta amb un bombo de 22\u00d718 i toms de 12\u2033, 13\u2033 i 16\u2033, tots constru\u00efts amb aur\u00f3 mass\u00eds per a una resson\u00e0ncia i rodonesa de so superiors. Les profundes i s\u00f2lides vibracions d\u2019aquests tambors es poden sentir en el cofre des d\u2019un lloc ampli i ple de gent, fins i tot amb una ac\u00fastica de l\u2019habitaci\u00f3 menys que ideal. el color exterior ric i vermell vi es destaca a l\u2019escenari, de manera que no passar\u00e0s desapercebut darrere els teus protagonistes de primera l\u00ednia. Els platerets crash i splash, el pedal de bombo, la caixa Yamaha SD265A i EL seient estan inclosos, pel que est\u00e0s preparat per sortir a rockejar fora. Llogui aquesta bateria o similar a la nostra molt competitiva tarifa.<\/p>\n<p>Instrument Rental Barcelona \u00e9s part de la xarxa d\u2019escoles de Shine School of Music. Oferim una \u00e0mplia gamma de lli\u00e7ons de m\u00fasica, llocs per a la celebraci\u00f3 d\u2019esdeveniments, espais per practicar m\u00fasica i espais addicionals de treball conjunt.<\/p>\n","protected":false},"excerpt":{"rendered":"<p><strong>Dip\u00f2sit: \u20ac320<\/strong><\/p>\n<p>Aquest kit de bateria ac\u00fastica interm\u00e8dia compta amb un bombo de 22\u00d718 i toms de 12\u2033, 13\u2033 i 16\u2033, tots constru\u00efts amb aur\u00f3 mass\u00eds per a una resson\u00e0ncia i rodonesa de so superiors.<\/p>\n<div id=\"gtx-trans\" style=\"position: absolute; left: 58px; top: -10.7539px;\">\n<div class=\"gtx-trans-icon\"><\/div>\n<\/div>\n","protected":false},"featured_media":1010,"comment_status":"open","ping_status":"closed","template":"","meta":{"_acf_changed":false,"content-type":""},"product_brand":[],"product_cat":[161,162],"product_tag":[551,458,544,540,542,538,562,561,462,590,464,490,592,558,466,467,470,474,471,476],"class_list":{"0":"post-1014","1":"product","2":"type-product","3":"status-publish","4":"has-post-thumbnail","6":"product_cat-bateries-i-percussions","7":"product_cat-bateries-acustiques","8":"product_tag-bateria","9":"product_tag-bateries","10":"product_tag-bateries-barcelona","11":"product_tag-bateries-de-lloguer","12":"product_tag-bateries-es","13":"product_tag-bateries-espanya","14":"product_tag-instruments-de-contractacio","15":"product_tag-lloguer-dinstruments-ca","16":"product_tag-lloguer-dinstruments","17":"product_tag-lloguer-dinstruments-ca-2","18":"product_tag-lloguer-dinstruments-barcelona","19":"product_tag-lloguer-dinstruments-barcelona-ca","20":"product_tag-lloguer-dinstruments-espanya-ca","21":"product_tag-lloguer-dinstruments-espanya","22":"product_tag-percussio","23":"product_tag-percussions-ca","24":"product_tag-percussions-barcelona-ca","25":"product_tag-percussions-de-lloguer","26":"product_tag-percussions-es-ca","27":"product_tag-percussions-espanya","29":"first","30":"instock","31":"sold-individually","32":"shipping-taxable","33":"purchasable","34":"product-type-booking"},"booking_location":"","booking_location_type":"","booking_duration":1,"booking_duration_unit":"day","booking_buffer":0,"booking_cost":0,"booking_resources":[],"exclude_global_add_ons":false,"addons":[{"name":"Dip\u00f2sit","type":"checkbox","position":0,"required":false,"title_format":"hide","default":"","description_enable":false,"description":"","placeholder_enable":false,"placeholder":"","display":"select","restrictions_type":"any_text","adjust_price":false,"price":"","price_type":"flat_fee","restrictions":false,"min":"0","max":"0","options":[{"label":"Dip\u00f2sit","price":"320","price_type":"flat_fee","image":0,"visibility":true}]},{"name":"Totes les Bateries ","type":"checkbox","position":0,"required":false,"title_format":"label","default":"","description_enable":false,"description":"","placeholder_enable":false,"placeholder":"","display":"select","restrictions_type":"any_text","adjust_price":false,"price":"","price_type":"flat_fee","restrictions":false,"min":"0","max":"0","options":[{"label":"Baquetes","price":"6.00","price_type":"quantity_based","image":0,"visibility":true},{"label":"Set de Plats","price":"48.00","price_type":"quantity_based","image":0,"visibility":true}]}],"acf":{"set_to_be_sold":false,"sale_description":"","sale_price":""},"_links":{"self":[{"href":"https:\/\/shinemusicrental.com\/ca\/wp-json\/wp\/v2\/product\/1014","targetHints":{"allow":["GET"]}}],"collection":[{"href":"https:\/\/shinemusicrental.com\/ca\/wp-json\/wp\/v2\/product"}],"about":[{"href":"https:\/\/shinemusicrental.com\/ca\/wp-json\/wp\/v2\/types\/product"}],"replies":[{"embeddable":true,"href":"https:\/\/shinemusicrental.com\/ca\/wp-json\/wp\/v2\/comments?post=1014"}],"wp:featuredmedia":[{"embeddable":true,"href":"https:\/\/shinemusicrental.com\/ca\/wp-json\/wp\/v2\/media\/1010"}],"wp:attachment":[{"href":"https:\/\/shinemusicrental.com\/ca\/wp-json\/wp\/v2\/media?parent=1014"}],"wp:term":[{"taxonomy":"product_brand","embeddable":true,"href":"https:\/\/shinemusicrental.com\/ca\/wp-json\/wp\/v2\/product_brand?post=1014"},{"taxonomy":"product_cat","embeddable":true,"href":"https:\/\/shinemusicrental.com\/ca\/wp-json\/wp\/v2\/product_cat?post=1014"},{"taxonomy":"product_tag","embeddable":true,"href":"https:\/\/shinemusicrental.com\/ca\/wp-json\/wp\/v2\/product_tag?post=1014"}],"curies":[{"name":"wp","href":"https:\/\/api.w.org\/{rel}","templated":true}]}}