{"id":1007,"date":"2022-10-20T10:24:30","date_gmt":"2022-10-20T08:24:30","guid":{"rendered":"http:\/\/www.shinemusicrental.com\/product\/clarinet-bernard-bcl-511\/"},"modified":"2024-04-08T16:10:00","modified_gmt":"2024-04-08T14:10:00","slug":"clarinet-bernard-bcl-511","status":"publish","type":"product","link":"https:\/\/shinemusicrental.com\/ca\/product\/clarinet-bernard-bcl-511\/","title":{"rendered":"Clarinet Bernard BCL-511"},"content":{"rendered":"<p>Aquest clarinet d\u2019estil antic, dif\u00edcil de trobar, t\u00e9 un cos de ban\u00fas real, que produeix un so inigualable, mel\u00f3s i amb molt de cos. La fusta funciona en concert amb claus platejades genu\u00efnes per a un adher\u00e8ncia segur que \u00e9s agradable al tacte i una alegria per jugar. Recomanat per a estudiants avan\u00e7ats o professionals amb una gran passi\u00f3 per connectar-se amb la personalitat d\u2019un instrument unic. A les mans adequades, la cura que requereix un clarinet de ban\u00fas ser\u00e0 recompensat amb els tons m\u00e9s clars i suaus. Llogui aquest clarinet o semblant a la nostra molt competitiva tarifa.<\/p>\n<p>Instrument Rental Barcelona \u00e9s part de la xarxa d\u2019escoles de Shine School of Music. Oferim una \u00e0mplia gamma de lli\u00e7ons de m\u00fasica, llocs per a la celebraci\u00f3 d\u2019esdeveniments, espais per practicar m\u00fasica i espais addicionals de treball conjunt.<\/p>\n","protected":false},"excerpt":{"rendered":"<p><strong>Dip\u00f2sit: \u20ac250<\/strong><\/p>\n<p>Aquest clarinet d\u2019estil antic, dif\u00edcil de trobar, t\u00e9 un cos de ban\u00fas real, que produeix un so inigualable, mel\u00f3s i amb molt de cos.<\/p>\n<div id=\"gtx-trans\" style=\"position: absolute; left: 60px; top: -10.7539px;\">\n<div class=\"gtx-trans-icon\"><\/div>\n<\/div>\n","protected":false},"featured_media":1003,"comment_status":"open","ping_status":"closed","template":"","meta":{"_acf_changed":false,"content-type":""},"product_brand":[],"product_cat":[352,358],"product_tag":[747,749,516,562,518,520,524,522,526,462,590,561,464,490,592,558],"class_list":{"0":"post-1007","1":"product","2":"type-product","3":"status-publish","4":"has-post-thumbnail","6":"product_cat-instruments-de-vent","7":"product_cat-clarinets-ca-2","8":"product_tag-clarinet-ca","9":"product_tag-clarinet-de-lloguer","10":"product_tag-instrument-de-vent","11":"product_tag-instruments-de-contractacio","12":"product_tag-instruments-de-vent","13":"product_tag-instruments-de-vent-barcelona","14":"product_tag-instruments-de-vent-de-lloguer","15":"product_tag-instruments-de-vent-es","16":"product_tag-instruments-de-vent-espanya","17":"product_tag-lloguer-dinstruments","18":"product_tag-lloguer-dinstruments-ca-2","19":"product_tag-lloguer-dinstruments-ca","20":"product_tag-lloguer-dinstruments-barcelona","21":"product_tag-lloguer-dinstruments-barcelona-ca","22":"product_tag-lloguer-dinstruments-espanya-ca","23":"product_tag-lloguer-dinstruments-espanya","25":"first","26":"instock","27":"sold-individually","28":"shipping-taxable","29":"purchasable","30":"product-type-booking"},"booking_location":"","booking_location_type":"","booking_duration":1,"booking_duration_unit":"day","booking_buffer":0,"booking_cost":0,"booking_resources":[],"exclude_global_add_ons":false,"addons":[{"name":"Dip\u00f2sit","type":"checkbox","position":0,"required":false,"title_format":"hide","default":"","description_enable":false,"description":"","placeholder_enable":false,"placeholder":"","display":"select","restrictions_type":"any_text","adjust_price":false,"price":"","price_type":"flat_fee","restrictions":false,"min":"0","max":"0","options":[{"label":"Dip\u00f2sit","price":"250","price_type":"flat_fee","image":0,"visibility":true}]},{"name":"INSTRUMENTS DE VENT (tots)","type":"checkbox","position":0,"required":false,"title_format":"label","default":"","description_enable":false,"description":"","placeholder_enable":false,"placeholder":"","display":"select","restrictions_type":"any_text","adjust_price":false,"price":"","price_type":"flat_fee","restrictions":false,"min":"0","max":"0","options":[{"label":"Lleng\u00fceta","price":"5.00","price_type":"quantity_based","image":0,"visibility":true},{"label":"Faristol","price":"5.00","price_type":"flat_fee","image":0,"visibility":true},{"label":"Faristol de Qualitat","price":"9.00","price_type":"flat_fee","image":0,"visibility":true}]}],"acf":{"set_to_be_sold":false,"sale_description":"","sale_price":""},"_links":{"self":[{"href":"https:\/\/shinemusicrental.com\/ca\/wp-json\/wp\/v2\/product\/1007","targetHints":{"allow":["GET"]}}],"collection":[{"href":"https:\/\/shinemusicrental.com\/ca\/wp-json\/wp\/v2\/product"}],"about":[{"href":"https:\/\/shinemusicrental.com\/ca\/wp-json\/wp\/v2\/types\/product"}],"replies":[{"embeddable":true,"href":"https:\/\/shinemusicrental.com\/ca\/wp-json\/wp\/v2\/comments?post=1007"}],"wp:featuredmedia":[{"embeddable":true,"href":"https:\/\/shinemusicrental.com\/ca\/wp-json\/wp\/v2\/media\/1003"}],"wp:attachment":[{"href":"https:\/\/shinemusicrental.com\/ca\/wp-json\/wp\/v2\/media?parent=1007"}],"wp:term":[{"taxonomy":"product_brand","embeddable":true,"href":"https:\/\/shinemusicrental.com\/ca\/wp-json\/wp\/v2\/product_brand?post=1007"},{"taxonomy":"product_cat","embeddable":true,"href":"https:\/\/shinemusicrental.com\/ca\/wp-json\/wp\/v2\/product_cat?post=1007"},{"taxonomy":"product_tag","embeddable":true,"href":"https:\/\/shinemusicrental.com\/ca\/wp-json\/wp\/v2\/product_tag?post=1007"}],"curies":[{"name":"wp","href":"https:\/\/api.w.org\/{rel}","templated":true}]}}