{"id":1000,"date":"2022-10-19T16:53:26","date_gmt":"2022-10-19T14:53:26","guid":{"rendered":"http:\/\/www.shinemusicrental.com\/product\/baix-electric-yamaha-rbx374\/"},"modified":"2022-10-19T16:53:26","modified_gmt":"2022-10-19T14:53:26","slug":"baix-electric-yamaha-rbx374","status":"publish","type":"product","link":"https:\/\/shinemusicrental.com\/ca\/product\/baix-electric-yamaha-rbx374\/","title":{"rendered":"Baix El\u00e8ctric Yamaha RBX374"},"content":{"rendered":"<p>El baix el\u00e8ctric Yamaha RBX374 ofereix una experi\u00e8ncia de baix c\u00f2mode per\u00f2 potent, tot embolicat en un paquet singularment bell que far\u00e0 que qualsevol actuaci\u00f3 o pr\u00e0ctica brilli. El seu cos de vern i pal d\u2019aur\u00f3 estan dissenyats per durar, per la qual cosa no et decebr\u00e0 fins i tot amb les actuacions m\u00e9s vigoroses, mentre que el humbucking de cer\u00e0mica d\u2019alt rendiment i el potenci\u00f2metre de selecci\u00f3 et permeten seleccionar el to ric que millor s\u2019adapti al teu estil d\u2019actuaci\u00f3 individual. Llogui aquest baix o similar al nostre molt competitiva tarifa.<\/p>\n<p>Instrument Rental Barcelona \u00e9s part de la xarxa d\u2019escoles de Shine School of Music. Oferim una \u00e0mplia gamma de lli\u00e7ons de m\u00fasica, llocs per a la celebraci\u00f3 d\u2019esdeveniments, espais per practicar m\u00fasica i espais addicionals de treball conjunt.<\/p>\n","protected":false},"excerpt":{"rendered":"<p><strong>Dip\u00f2sit: \u20ac160<\/strong><\/p>\n<p>El baix el\u00e8ctric Yamaha RBX374 ofereix una experi\u00e8ncia de baix c\u00f2mode per\u00f2 potent, tot embolicat en un paquet singularment bell que far\u00e0 que qualsevol actuaci\u00f3 o pr\u00e0ctica brilli.<\/p>\n<div id=\"gtx-trans\" style=\"position: absolute; left: -70px; top: 38.2461px;\">\n<div class=\"gtx-trans-icon\"><\/div>\n<\/div>\n","protected":false},"featured_media":994,"comment_status":"open","ping_status":"closed","template":"","meta":{"_acf_changed":false,"content-type":""},"product_brand":[],"product_cat":[176,186],"product_tag":[528,532,454,456,530,562,462,561,590,464,592,558,633,594],"class_list":{"0":"post-1000","1":"product","2":"type-product","3":"status-publish","4":"has-post-thumbnail","6":"product_cat-guitarres-i-baixos","7":"product_cat-baixos-electrics","8":"product_tag-baixos-barcelona","9":"product_tag-baixos-de-lloguer","10":"product_tag-baixos-electrics","11":"product_tag-baixos-electrics-es","12":"product_tag-baixos-espanya","13":"product_tag-instruments-de-contractacio","14":"product_tag-lloguer-dinstruments","15":"product_tag-lloguer-dinstruments-ca","16":"product_tag-lloguer-dinstruments-ca-2","17":"product_tag-lloguer-dinstruments-barcelona","18":"product_tag-lloguer-dinstruments-espanya-ca","19":"product_tag-lloguer-dinstruments-espanya","20":"product_tag-renting-instruments-barcelona-share-ca","21":"product_tag-yamaha-ca","23":"first","24":"instock","25":"sold-individually","26":"shipping-taxable","27":"purchasable","28":"product-type-booking"},"booking_location":"","booking_location_type":"","booking_duration":1,"booking_duration_unit":"day","booking_buffer":0,"booking_cost":0,"booking_resources":[],"exclude_global_add_ons":false,"addons":[{"name":"Dip\u00f2sit","type":"checkbox","position":0,"required":false,"title_format":"hide","default":"","description_enable":false,"description":"","placeholder_enable":false,"placeholder":"","display":"select","restrictions_type":"any_text","adjust_price":false,"price":"","price_type":"flat_fee","restrictions":false,"min":"0","max":"0","options":[{"label":"Dip\u00f2sit","price":"160","price_type":"flat_fee","image":0,"visibility":true}]}],"acf":{"set_to_be_sold":false,"sale_description":"","sale_price":""},"_links":{"self":[{"href":"https:\/\/shinemusicrental.com\/ca\/wp-json\/wp\/v2\/product\/1000","targetHints":{"allow":["GET"]}}],"collection":[{"href":"https:\/\/shinemusicrental.com\/ca\/wp-json\/wp\/v2\/product"}],"about":[{"href":"https:\/\/shinemusicrental.com\/ca\/wp-json\/wp\/v2\/types\/product"}],"replies":[{"embeddable":true,"href":"https:\/\/shinemusicrental.com\/ca\/wp-json\/wp\/v2\/comments?post=1000"}],"wp:featuredmedia":[{"embeddable":true,"href":"https:\/\/shinemusicrental.com\/ca\/wp-json\/wp\/v2\/media\/994"}],"wp:attachment":[{"href":"https:\/\/shinemusicrental.com\/ca\/wp-json\/wp\/v2\/media?parent=1000"}],"wp:term":[{"taxonomy":"product_brand","embeddable":true,"href":"https:\/\/shinemusicrental.com\/ca\/wp-json\/wp\/v2\/product_brand?post=1000"},{"taxonomy":"product_cat","embeddable":true,"href":"https:\/\/shinemusicrental.com\/ca\/wp-json\/wp\/v2\/product_cat?post=1000"},{"taxonomy":"product_tag","embeddable":true,"href":"https:\/\/shinemusicrental.com\/ca\/wp-json\/wp\/v2\/product_tag?post=1000"}],"curies":[{"name":"wp","href":"https:\/\/api.w.org\/{rel}","templated":true}]}}