{"id":3247,"date":"2022-11-14T16:43:18","date_gmt":"2022-11-14T14:43:18","guid":{"rendered":"http:\/\/www.shinemusicrental.com\/politica-de-devolucio-i-reintegraments\/"},"modified":"2022-11-14T16:43:20","modified_gmt":"2022-11-14T14:43:20","slug":"politica-de-devolucio-i-reintegraments","status":"publish","type":"page","link":"https:\/\/shinemusicrental.com\/ca\/politica-de-devolucio-i-reintegraments\/","title":{"rendered":"Pol\u00edtica de Devoluci\u00f3 i Reintegraments"},"content":{"rendered":"&#13;\n<p><b>This is a sample page.<\/b><\/p>&#13;\n&#13;\n<h3>Overview<\/h3>&#13;\n&#13;\n<p>La nostra pol\u00edtica de devoluci\u00f3 duren 30 dies. Si han passat 30 dies des de la vostra compra, no us podem oferir un reemborsament o canvi complet.<\/p>&#13;\n&#13;\n<p>Per ser elegible per a una devoluci\u00f3, el vostre instrument ha d&#8217;estar sense utilitzar i en les mateixes condicions en qu\u00e8 el vau rebre. Tamb\u00e9 ha d&#8217;estar en l&#8217;embalatge original.<\/p>&#13;\n&#13;\n<p>Diversos tipus de b\u00e9ns estan exempts de ser retornats. No es poden retornar productes peribles com ara aliments, flors, diaris o revistes. Tampoc acceptem productes que siguin articles \u00edntims o sanitaris, materials perillosos o l\u00edquids o gasos inflamables.<\/p>&#13;\n&#13;\n<p>Articles addicionals no retornables:<\/p>&#13;\n&#13;\n<ul class=\"wp-block-list\">&#13;\n<li>Targetes regal<\/li>&#13;\n<li>Productes de programari descarregables<\/li>&#13;\n<li>Alguns articles de salut i cura personal<\/li>&#13;\n<\/ul>&#13;\n&#13;\n<p>Per completar la devoluci\u00f3, necessitem un rebut o un comprovant de compra.<\/p>&#13;\n&#13;\n<p>Si us plau, no envieu la vostra compra al fabricant.<\/p>&#13;\n&#13;\n<p>Hi ha determinades situacions en qu\u00e8 nom\u00e9s es concedeixen reemborsaments parcials:<\/p>&#13;\n&#13;\n<ul class=\"wp-block-list\">&#13;\n<li>Llibres amb signes evidents d&#8217;\u00fas<\/li>&#13;\n<li>CD, DVD, cinta VHS, programari, videojoc, casset o disc de vinil que s&#8217;hagi obert.<\/li>&#13;\n<li>Qualsevol article que no estigui en el seu estat original, estigui danyat o falten peces per motius no deguts al nostre error.<\/li>&#13;\n<li>Qualsevol article que es retorni m\u00e9s de 30 dies despr\u00e9s del lliurament<\/li>&#13;\n<\/ul>&#13;\n&#13;\n<h2>Refunds<\/h2>&#13;\n&#13;\n<p>Un cop rebuda i inspeccionada la vostra devoluci\u00f3, us enviarem un correu electr\u00f2nic per notificar-vos que hem rebut l&#8217;article retornat. Tamb\u00e9 us notificarem l&#8217;aprovaci\u00f3 o el rebuig del vostre reemborsament.<\/p>&#13;\n&#13;\n<p>Si se us aprova, es processar\u00e0 el reemborsament i s&#8217;aplicar\u00e0 autom\u00e0ticament un cr\u00e8dit a la vostra targeta de cr\u00e8dit o al m\u00e8tode de pagament original, en un termini determinat de dies.<\/p>&#13;\n&#13;\n<p>Reemborsaments tardans o que falten<\/p>&#13;\n&#13;\n<p>Si encara no heu rebut cap reembossament, primer torneu a comprovar el vostre compte bancari.<\/p>&#13;\n&#13;\n<p>A continuaci\u00f3, poseu-vos en contacte amb l&#8217;empresa de la vostra targeta de cr\u00e8dit; pot passar un temps abans que el reemborsament es publiqui oficialment.<\/p>&#13;\n&#13;\n<p>A continuaci\u00f3, poseu-vos en contacte amb el vostre banc. Sovint hi ha un temps de processament abans de publicar un reemborsament.<\/p>&#13;\n&#13;\n<p>Si has fet tot aix\u00f2 i encara no has rebut el reemborsament, posa&#8217;t en contacte amb nosaltres a <strong>info@instrumentrentalbarcelona.com<\/strong>.&#13;\n<div id=\"gtx-trans\" style=\"position: absolute; left: -14px; top: 86.1215px;\">&#13;\n<div class=\"gtx-trans-icon\"><\/div>&#13;\n<\/div><\/p>&#13;\n&#13;\n<p><strong>Articles de venda<\/strong><\/p>&#13;\n&#13;\n<p>Nom\u00e9s es poden reemborsar articles de preu normal. Els articles en venda no es poden reemborsar.<\/p>&#13;\n&#13;\n<h2>Exchanges<\/h2>&#13;\n&#13;\n<p>Nom\u00e9s substitu\u00efm els articles si estan defectuosos o danyats. Si necessites canviar-lo pel mateix article, envia&#8217;ns un correu electr\u00f2nic a <strong>info@instrumentrentalbarcelona.com<\/strong> i envia el teu article al carrer del Montseny, 3, 08012, Barcelona.<\/p>&#13;\n&#13;\n<h2>Gifts<\/h2>&#13;\n&#13;\n<p>Si l&#8217;article s&#8217;ha marcat com a regal quan s&#8217;ha comprat i se t&#8217;ha enviat directament, rebr\u00e0s un cr\u00e8dit de regal pel valor de la teva devoluci\u00f3. Un cop rebut l&#8217;article retornat, se us enviar\u00e0 un certificat de regal.<\/p>&#13;\n&#13;\n<p>Si l&#8217;article no s&#8217;ha marcat com a regal quan es va comprar, o si el donador del regal s&#8217;ha enviat la comanda per lliurar-lo m\u00e9s tard, enviarem un reemborsament al donador del regal i s&#8217;informar\u00e0 de la vostra devoluci\u00f3.<\/p>&#13;\n&#13;\n<h2>Shipping returns<\/h2>&#13;\n&#13;\n<p>Per retornar el vostre producte, heu d&#8217;enviar el vostre producte al carrer del Montseny, 3, 08012, Barcelona.<\/p>&#13;\n&#13;\n<p>Ser\u00e0s responsable de pagar les teves pr\u00f2pies despeses d&#8217;enviament per retornar el teu article. Les despeses d&#8217;enviament no s\u00f3n reemborsables. Si rebeu un reemborsament, el cost de l&#8217;enviament de devoluci\u00f3 es descomptar\u00e0 del vostre reemborsament.<\/p>&#13;\n&#13;\n<p>Depenent del lloc on viviu, el temps que pot trigar a arribar-vos al vostre producte intercanviat pot variar.<\/p>&#13;\n&#13;\n<p>Si torneu articles m\u00e9s cars, podeu considerar utilitzar un servei d&#8217;enviament amb seguiment o comprar una asseguran\u00e7a d&#8217;enviament. No garantim que rebem el vostre article retornat.<\/p>&#13;\n&#13;\n<h2>Need help?<\/h2>&#13;\n&#13;\n<p>Contacta amb nosaltres a <strong>info@instrumentrentalbarcelona.com<\/strong> per a preguntes relacionades amb devolucions i devolucions.&#13;\n<div id=\"gtx-trans\" style=\"position: absolute; left: 435px; top: 38.1007px;\">&#13;\n<div class=\"gtx-trans-icon\"><\/div>&#13;\n<\/div><\/p>&#13;\n","protected":false},"excerpt":{"rendered":"<p>&#13; This is a sample page. &#13; &#13; Overview &#13; &#13; La nostra pol\u00edtica de devoluci\u00f3 duren 30 dies. Si [&hellip;]<\/p>\n","protected":false},"author":1,"featured_media":0,"parent":0,"menu_order":0,"comment_status":"closed","ping_status":"closed","template":"","meta":{"_acf_changed":false,"content-type":"","footnotes":""},"class_list":["post-3247","page","type-page","status-publish","hentry"],"acf":[],"_links":{"self":[{"href":"https:\/\/shinemusicrental.com\/ca\/wp-json\/wp\/v2\/pages\/3247","targetHints":{"allow":["GET"]}}],"collection":[{"href":"https:\/\/shinemusicrental.com\/ca\/wp-json\/wp\/v2\/pages"}],"about":[{"href":"https:\/\/shinemusicrental.com\/ca\/wp-json\/wp\/v2\/types\/page"}],"author":[{"embeddable":true,"href":"https:\/\/shinemusicrental.com\/ca\/wp-json\/wp\/v2\/users\/1"}],"replies":[{"embeddable":true,"href":"https:\/\/shinemusicrental.com\/ca\/wp-json\/wp\/v2\/comments?post=3247"}],"version-history":[{"count":1,"href":"https:\/\/shinemusicrental.com\/ca\/wp-json\/wp\/v2\/pages\/3247\/revisions"}],"predecessor-version":[{"id":3248,"href":"https:\/\/shinemusicrental.com\/ca\/wp-json\/wp\/v2\/pages\/3247\/revisions\/3248"}],"wp:attachment":[{"href":"https:\/\/shinemusicrental.com\/ca\/wp-json\/wp\/v2\/media?parent=3247"}],"curies":[{"name":"wp","href":"https:\/\/api.w.org\/{rel}","templated":true}]}}