{"id":3183,"date":"2022-11-11T16:52:43","date_gmt":"2022-11-11T14:52:43","guid":{"rendered":"http:\/\/www.shinemusicrental.com\/llogar-una-guitarra\/"},"modified":"2024-04-25T18:58:29","modified_gmt":"2024-04-25T16:58:29","slug":"llogui-una-guitarra","status":"publish","type":"page","link":"https:\/\/shinemusicrental.com\/ca\/llogui-una-guitarra\/","title":{"rendered":"Llogar una Guitarra"},"content":{"rendered":"<p>Llogar una guitarra a Barcelona, Espanya. Oferim una gran selecci\u00f3 de guitarres de qualitat de lloguer per al teu esdeveniment, \u00fas privat o pr\u00e0ctica a Barcelona. Instrument Rental Barcelona ofereix lloguer de guitarres ac\u00fastiques, aix\u00ed com guitarres cl\u00e0ssiques, baixos, guitarres el\u00e8ctriques i guitarres electroac\u00fastiques. Tamb\u00e9 tenim una selecci\u00f3 de guitarres petites, inclosa la din\u00e0mica Guitalele i el popular Ukulele.<\/p>\n","protected":false},"excerpt":{"rendered":"<p>Llogar una guitarra a Barcelona, Espanya. Oferim una gran selecci\u00f3 de guitarres de qualitat de lloguer per al teu esdeveniment, [&hellip;]<\/p>\n","protected":false},"author":1,"featured_media":0,"parent":0,"menu_order":0,"comment_status":"closed","ping_status":"closed","template":"page_new_rental_guide.php","meta":{"_acf_changed":false,"content-type":"","footnotes":""},"class_list":["post-3183","page","type-page","status-publish","hentry"],"acf":[],"_links":{"self":[{"href":"https:\/\/shinemusicrental.com\/ca\/wp-json\/wp\/v2\/pages\/3183","targetHints":{"allow":["GET"]}}],"collection":[{"href":"https:\/\/shinemusicrental.com\/ca\/wp-json\/wp\/v2\/pages"}],"about":[{"href":"https:\/\/shinemusicrental.com\/ca\/wp-json\/wp\/v2\/types\/page"}],"author":[{"embeddable":true,"href":"https:\/\/shinemusicrental.com\/ca\/wp-json\/wp\/v2\/users\/1"}],"replies":[{"embeddable":true,"href":"https:\/\/shinemusicrental.com\/ca\/wp-json\/wp\/v2\/comments?post=3183"}],"version-history":[{"count":4,"href":"https:\/\/shinemusicrental.com\/ca\/wp-json\/wp\/v2\/pages\/3183\/revisions"}],"predecessor-version":[{"id":16504,"href":"https:\/\/shinemusicrental.com\/ca\/wp-json\/wp\/v2\/pages\/3183\/revisions\/16504"}],"wp:attachment":[{"href":"https:\/\/shinemusicrental.com\/ca\/wp-json\/wp\/v2\/media?parent=3183"}],"curies":[{"name":"wp","href":"https:\/\/api.w.org\/{rel}","templated":true}]}}