{"id":11274,"date":"2023-01-27T14:21:36","date_gmt":"2023-01-27T13:21:36","guid":{"rendered":"http:\/\/www.shinemusicrental.com\/termes-i-condicions\/"},"modified":"2023-01-27T14:21:36","modified_gmt":"2023-01-27T13:21:36","slug":"termes-i-condicions","status":"publish","type":"page","link":"https:\/\/shinemusicrental.com\/ca\/termes-i-condicions\/","title":{"rendered":"Termes i condicions"},"content":{"rendered":"<ul>\n<li>Fem tot el possible per oferir-vos instruments de qualitat. No podem garantir que l&#8217;instrument que apareix a la p\u00e0gina del producte sigui el que rebeu en la vostra reserva, ens esforcem per oferir-ne un d&#8217;una marca i\/o qualitat similars en el cas que l&#8217;instrument que apareix no estigui disponible. Se us notificar\u00e0 qualsevol canvi.<\/li>\n<li>Tots els instruments requereixen un dip\u00f2sit en el moment de la recollida. Aquest se us retornar\u00e0 durant els 7 dies des de la tornada de l&#8217;instrument, sempre que el retorneu en les mateixes condicions en qu\u00e8 el vau rebre.<\/li>\n<li>Cal una c\u00f2pia del vostre passaport o identificaci\u00f3 en el moment de recollir l&#8217;instrument. Si us plau, porteu els vostres documents originals.<\/li>\n<li>Si no recolliu l&#8217;instrument o cancel\u00b7leu la reserva, perdr\u00e0s el primer lloguer. Si us plau, notifiqui&#8217;ns qualsevol canvi a la seva reserva.<\/li>\n<li>Tots els nostres instruments estan en bon estat per\u00f2 han estat utilitzats.<\/li>\n<li>Si us plau, tingueu en compte els horaris disponibles per a la recollida i lliurament dels instruments. Altres horaris es poden concertar amb Shine Instrument Rental amb notificaci\u00f3 pr\u00e8via per tel\u00e8fon o correu electr\u00f2nic.<\/li>\n<li>Shine Instrument Rental es reserva el dret de cancel\u00b7lar qualsevol reserva en qualsevol moment. T&#8217;avisarem si aix\u00f2 passa amb la teva reserva.<\/li>\n<\/ul>\n<div id=\"gtx-trans\" style=\"position: absolute; left: 167px; top: 566.333px;\">\n<div class=\"gtx-trans-icon\"><\/div>\n<\/div>\n","protected":false},"excerpt":{"rendered":"<p>Fem tot el possible per oferir-vos instruments de qualitat. No podem garantir que l&#8217;instrument que apareix a la p\u00e0gina del [&hellip;]<\/p>\n","protected":false},"author":2,"featured_media":0,"parent":0,"menu_order":0,"comment_status":"closed","ping_status":"closed","template":"","meta":{"_acf_changed":false,"content-type":"","footnotes":""},"class_list":["post-11274","page","type-page","status-publish","hentry"],"acf":[],"_links":{"self":[{"href":"https:\/\/shinemusicrental.com\/ca\/wp-json\/wp\/v2\/pages\/11274","targetHints":{"allow":["GET"]}}],"collection":[{"href":"https:\/\/shinemusicrental.com\/ca\/wp-json\/wp\/v2\/pages"}],"about":[{"href":"https:\/\/shinemusicrental.com\/ca\/wp-json\/wp\/v2\/types\/page"}],"author":[{"embeddable":true,"href":"https:\/\/shinemusicrental.com\/ca\/wp-json\/wp\/v2\/users\/2"}],"replies":[{"embeddable":true,"href":"https:\/\/shinemusicrental.com\/ca\/wp-json\/wp\/v2\/comments?post=11274"}],"version-history":[{"count":0,"href":"https:\/\/shinemusicrental.com\/ca\/wp-json\/wp\/v2\/pages\/11274\/revisions"}],"wp:attachment":[{"href":"https:\/\/shinemusicrental.com\/ca\/wp-json\/wp\/v2\/media?parent=11274"}],"curies":[{"name":"wp","href":"https:\/\/api.w.org\/{rel}","templated":true}]}}